{"id":269532,"date":"2025-03-17T01:02:34","date_gmt":"2025-03-17T01:02:34","guid":{"rendered":"http:\/\/lode2025.local\/product\/skubus\/"},"modified":"2025-05-07T05:30:41","modified_gmt":"2025-05-07T05:30:41","slug":"skubus","status":"publish","type":"product","link":"https:\/\/lode.lv\/lt\/shop\/statybai-lt\/statybines-plytos\/skubus\/","title":{"rendered":"Pilnaviduris"},"content":{"rendered":"<p>Nerekomenduojama naudoti nat\u016bralaus molio tvirt\u0173 statybini\u0173 blokeli\u0173 vietose, kur jie tiesiogiai veikiami oro s\u0105lyg\u0173, pavyzd\u017eiui, kamin\u0173 vir\u0161\u016bn\u0117se, tvor\u0173 stulpuose, atskiruose statiniuose ir pan. Tokiais atvejais rekomenduojama naudoti apdailos plytas. Jei statybiniai blokeliai naudojami konstrukcijose, tiesiogiai veikiamose oro s\u0105lyg\u0173, ant j\u0173 visada turi b\u016bti \u012frengta apdaila.  <\/p>\n","protected":false},"excerpt":{"rendered":"<p>Statybin\u0117s plytos<\/p>\n","protected":false},"featured_media":273643,"template":"","meta":{"_acf_changed":false},"product_brand":[],"product_cat":[536,538],"product_tag":[],"class_list":{"0":"post-269532","1":"product","2":"type-product","3":"status-publish","4":"has-post-thumbnail","6":"product_cat-statybai-lt","7":"product_cat-statybines-plytos","9":"first","10":"instock","11":"purchasable","12":"product-type-simple"},"acf":[],"_links":{"self":[{"href":"https:\/\/lode.lv\/lt\/wp-json\/wp\/v2\/product\/269532","targetHints":{"allow":["GET"]}}],"collection":[{"href":"https:\/\/lode.lv\/lt\/wp-json\/wp\/v2\/product"}],"about":[{"href":"https:\/\/lode.lv\/lt\/wp-json\/wp\/v2\/types\/product"}],"wp:featuredmedia":[{"embeddable":true,"href":"https:\/\/lode.lv\/lt\/wp-json\/wp\/v2\/media\/273643"}],"wp:attachment":[{"href":"https:\/\/lode.lv\/lt\/wp-json\/wp\/v2\/media?parent=269532"}],"wp:term":[{"taxonomy":"product_brand","embeddable":true,"href":"https:\/\/lode.lv\/lt\/wp-json\/wp\/v2\/product_brand?post=269532"},{"taxonomy":"product_cat","embeddable":true,"href":"https:\/\/lode.lv\/lt\/wp-json\/wp\/v2\/product_cat?post=269532"},{"taxonomy":"product_tag","embeddable":true,"href":"https:\/\/lode.lv\/lt\/wp-json\/wp\/v2\/product_tag?post=269532"}],"curies":[{"name":"wp","href":"https:\/\/api.w.org\/{rel}","templated":true}]}}