{"id":269530,"date":"2025-03-17T01:02:34","date_gmt":"2025-03-17T01:02:34","guid":{"rendered":"http:\/\/lode2025.local\/product\/keraterm-51\/"},"modified":"2025-07-03T15:36:09","modified_gmt":"2025-07-03T15:36:09","slug":"keraterm-51","status":"publish","type":"product","link":"https:\/\/lode.lv\/lt\/shop\/lode-statybiniai-blokai\/lode-keraterm-lt\/keraterm-51\/","title":{"rendered":"Keraterm 51"},"content":{"rendered":"<p>KERATERM molio blokeliai jau de\u0161imtme\u010dius vertinami ir pla\u010diai naudojami statybose visoje Ryt\u0173 Europoje. Daugiau nei 40 % gyvenam\u0173j\u0173 pastat\u0173 ir priva\u010di\u0173 nam\u0173 pastatyta b\u016btent i\u0161 \u0161ios statybin\u0117s med\u017eiagos. Gaminant sien\u0173 blokelius naudojamos auk\u0161tos kokyb\u0117s \u017ealiavos ir pa\u017eangios technologijos. KERATERM tu\u0161\u010diaviduriai molio blokeliai peln\u0117 architekt\u0173, statybos in\u017einieri\u0173 ir rangov\u0173 pripa\u017einim\u0105, o tai nuolat patvirtina nauji statybos projektai.<\/p>\n","protected":false},"excerpt":{"rendered":"<p>Statybinis blokelis<\/p>\n","protected":false},"featured_media":273283,"template":"","meta":{"_acf_changed":false},"product_brand":[],"product_cat":[513,518,536],"product_tag":[],"class_list":{"0":"post-269530","1":"product","2":"type-product","3":"status-publish","4":"has-post-thumbnail","6":"product_cat-lode-keraterm-lt","7":"product_cat-lode-statybiniai-blokai","8":"product_cat-statybai-lt","10":"first","11":"instock","12":"product-type-simple"},"acf":[],"_links":{"self":[{"href":"https:\/\/lode.lv\/lt\/wp-json\/wp\/v2\/product\/269530","targetHints":{"allow":["GET"]}}],"collection":[{"href":"https:\/\/lode.lv\/lt\/wp-json\/wp\/v2\/product"}],"about":[{"href":"https:\/\/lode.lv\/lt\/wp-json\/wp\/v2\/types\/product"}],"wp:featuredmedia":[{"embeddable":true,"href":"https:\/\/lode.lv\/lt\/wp-json\/wp\/v2\/media\/273283"}],"wp:attachment":[{"href":"https:\/\/lode.lv\/lt\/wp-json\/wp\/v2\/media?parent=269530"}],"wp:term":[{"taxonomy":"product_brand","embeddable":true,"href":"https:\/\/lode.lv\/lt\/wp-json\/wp\/v2\/product_brand?post=269530"},{"taxonomy":"product_cat","embeddable":true,"href":"https:\/\/lode.lv\/lt\/wp-json\/wp\/v2\/product_cat?post=269530"},{"taxonomy":"product_tag","embeddable":true,"href":"https:\/\/lode.lv\/lt\/wp-json\/wp\/v2\/product_tag?post=269530"}],"curies":[{"name":"wp","href":"https:\/\/api.w.org\/{rel}","templated":true}]}}