{"id":269524,"date":"2025-03-17T01:02:34","date_gmt":"2025-03-17T01:02:34","guid":{"rendered":"http:\/\/lode2025.local\/product\/caurumotie\/"},"modified":"2025-05-07T05:29:03","modified_gmt":"2025-05-07T05:29:03","slug":"caurumotie","status":"publish","type":"product","link":"https:\/\/lode.lv\/lt\/shop\/statybai-lt\/statybines-plytos\/caurumotie\/","title":{"rendered":"Perforuotos"},"content":{"rendered":"<p>Statybiniai blokeliai pasi\u017eymi dideliu tvirtumu ir naudojami m\u016briniuose sienose. Statybiniams blokams nerekomenduojama naudoti tose vietose, kur jie tiesiogiai veikiami oro s\u0105lyg\u0173, pavyzd\u017eiui, kamin\u0173 galvut\u0117se, tvoros stulpuose, laisvai stovin\u010diuose statiniuose ir pan. <\/p>\n","protected":false},"excerpt":{"rendered":"<p>Statybin\u0117s plytos<\/p>\n","protected":false},"featured_media":273639,"template":"","meta":{"_acf_changed":false},"product_brand":[],"product_cat":[536,538],"product_tag":[],"class_list":{"0":"post-269524","1":"product","2":"type-product","3":"status-publish","4":"has-post-thumbnail","6":"product_cat-statybai-lt","7":"product_cat-statybines-plytos","9":"first","10":"instock","11":"purchasable","12":"product-type-simple"},"acf":[],"_links":{"self":[{"href":"https:\/\/lode.lv\/lt\/wp-json\/wp\/v2\/product\/269524","targetHints":{"allow":["GET"]}}],"collection":[{"href":"https:\/\/lode.lv\/lt\/wp-json\/wp\/v2\/product"}],"about":[{"href":"https:\/\/lode.lv\/lt\/wp-json\/wp\/v2\/types\/product"}],"wp:featuredmedia":[{"embeddable":true,"href":"https:\/\/lode.lv\/lt\/wp-json\/wp\/v2\/media\/273639"}],"wp:attachment":[{"href":"https:\/\/lode.lv\/lt\/wp-json\/wp\/v2\/media?parent=269524"}],"wp:term":[{"taxonomy":"product_brand","embeddable":true,"href":"https:\/\/lode.lv\/lt\/wp-json\/wp\/v2\/product_brand?post=269524"},{"taxonomy":"product_cat","embeddable":true,"href":"https:\/\/lode.lv\/lt\/wp-json\/wp\/v2\/product_cat?post=269524"},{"taxonomy":"product_tag","embeddable":true,"href":"https:\/\/lode.lv\/lt\/wp-json\/wp\/v2\/product_tag?post=269524"}],"curies":[{"name":"wp","href":"https:\/\/api.w.org\/{rel}","templated":true}]}}