{"id":269510,"date":"2025-03-17T01:18:49","date_gmt":"2025-03-17T01:18:49","guid":{"rendered":"http:\/\/lode2025.local\/product\/keraterm-50\/"},"modified":"2025-07-03T15:38:22","modified_gmt":"2025-07-03T15:38:22","slug":"keraterm-50","status":"publish","type":"product","link":"https:\/\/lode.lv\/lt\/shop\/lode-statybiniai-blokai\/lode-keraterm-lt\/keraterm-50\/","title":{"rendered":"Keraterm 50"},"content":{"rendered":"<p>LODE Keraterm 50 \u2013 tvirtas ir efektyvus pasirinkimas tiems, kurie siekia maksimalios \u0161ilumos izoliacijos be papildom\u0173 izoliacini\u0173 med\u017eiag\u0173. D\u0117l didelio storio \u0161is blokelis pasi\u017eymi puikiu energiniu efektyvumu \u2013 padeda \u017eenkliai suma\u017einti \u0161ilumos nuostolius ir \u0161ildymo i\u0161laidas. Keraterm 50 idealiai tinka gyvenam\u0173j\u0173 ir kit\u0173 pastat\u0173 laikan\u010diosioms i\u0161orin\u0117ms sienoms, kur svarbus tiek konstrukcijos patvarumas, tiek komforti\u0161kas mikroklimatas. Be to, jis u\u017etikrina puiki\u0105 garso izoliacij\u0105, prisidedan\u010di\u0105 prie ramesn\u0117s ir jaukesn\u0117s gyvenamosios aplinkos.<\/p>\n","protected":false},"excerpt":{"rendered":"<p>Statybinis blokelis<\/p>\n","protected":false},"featured_media":273283,"template":"","meta":{"_acf_changed":false},"product_brand":[],"product_cat":[513,518,536],"product_tag":[],"class_list":{"0":"post-269510","1":"product","2":"type-product","3":"status-publish","4":"has-post-thumbnail","6":"product_cat-lode-keraterm-lt","7":"product_cat-lode-statybiniai-blokai","8":"product_cat-statybai-lt","10":"first","11":"instock","12":"product-type-simple"},"acf":[],"_links":{"self":[{"href":"https:\/\/lode.lv\/lt\/wp-json\/wp\/v2\/product\/269510","targetHints":{"allow":["GET"]}}],"collection":[{"href":"https:\/\/lode.lv\/lt\/wp-json\/wp\/v2\/product"}],"about":[{"href":"https:\/\/lode.lv\/lt\/wp-json\/wp\/v2\/types\/product"}],"wp:featuredmedia":[{"embeddable":true,"href":"https:\/\/lode.lv\/lt\/wp-json\/wp\/v2\/media\/273283"}],"wp:attachment":[{"href":"https:\/\/lode.lv\/lt\/wp-json\/wp\/v2\/media?parent=269510"}],"wp:term":[{"taxonomy":"product_brand","embeddable":true,"href":"https:\/\/lode.lv\/lt\/wp-json\/wp\/v2\/product_brand?post=269510"},{"taxonomy":"product_cat","embeddable":true,"href":"https:\/\/lode.lv\/lt\/wp-json\/wp\/v2\/product_cat?post=269510"},{"taxonomy":"product_tag","embeddable":true,"href":"https:\/\/lode.lv\/lt\/wp-json\/wp\/v2\/product_tag?post=269510"}],"curies":[{"name":"wp","href":"https:\/\/api.w.org\/{rel}","templated":true}]}}