{"id":269503,"date":"2025-03-17T01:34:23","date_gmt":"2025-03-17T01:34:23","guid":{"rendered":"http:\/\/lode2025.local\/product\/laivu-kapitonas-175\/"},"modified":"2026-04-07T18:48:28","modified_gmt":"2026-04-07T18:48:28","slug":"lode-master-17-5","status":"publish","type":"product","link":"https:\/\/lode.lv\/lt\/shop\/lode-statybiniai-blokai\/lode-master-lt\/lode-master-17-5\/","title":{"rendered":"LODE MASTER 17.5"},"content":{"rendered":"<p><span data-contrast=\"auto\">LODE MASTER 17,5 \u2013 nat\u016bralaus degto molio, perforuotas keraminis blokelis skirtas\u00a0laikan\u010di\u0173 sien\u0173 m\u016brui. Didelis blokelio stipris M150, puikios \u0161ilumin\u0117s savyb\u0117s ir nat\u016bralaus degto molio gaminys yra\u00a0vienas OPTIMALIAUSI\u0172 KAINOS \/ KOKYB\u0116S pasirinkim\u0173 rinkoje laikan\u010di\u0173 sien\u0173 m\u016brui.<\/span><span data-ccp-props=\"{}\">\u00a0<\/span><\/p>\n<p><span data-contrast=\"auto\">Priva\u010di\u0173 nam\u0173, dvibu\u010di\u0173, koted\u017e\u0173 ar nedideli\u0173 daugiabu\u010di\u0173 laikan\u010di\u0173 ir\u00a0tarpbutini\u0173\u00a0gars\u0105 izoliuojan\u010di\u0173 sien\u0173 m\u016brui.<\/span><span data-ccp-props=\"{}\">\u00a0<\/span><\/p>\n<p><span class=\"TextRun SCXW177398291 BCX8\" lang=\"LT-LT\" xml:lang=\"LT-LT\" data-contrast=\"auto\"><span class=\"NormalTextRun SCXW177398291 BCX8\">M\u016aRO TIPAS: plonasluoksnis \u201eklijai\u201c\u00a0<\/span><\/span><span class=\"EOP SCXW177398291 BCX8\" data-ccp-props=\"{}\">\u00a0<\/span><\/p>\n","protected":false},"excerpt":{"rendered":"<p>Statybinis blokelis<\/p>\n","protected":false},"featured_media":273267,"template":"","meta":{"_acf_changed":false},"product_brand":[173],"product_cat":[537,518,536],"product_tag":[],"class_list":{"0":"post-269503","1":"product","2":"type-product","3":"status-publish","4":"has-post-thumbnail","6":"product_brand-lode-master","7":"product_cat-lode-master-lt","8":"product_cat-lode-statybiniai-blokai","9":"product_cat-statybai-lt","11":"first","12":"instock","13":"product-type-simple"},"acf":[],"_links":{"self":[{"href":"https:\/\/lode.lv\/lt\/wp-json\/wp\/v2\/product\/269503","targetHints":{"allow":["GET"]}}],"collection":[{"href":"https:\/\/lode.lv\/lt\/wp-json\/wp\/v2\/product"}],"about":[{"href":"https:\/\/lode.lv\/lt\/wp-json\/wp\/v2\/types\/product"}],"wp:featuredmedia":[{"embeddable":true,"href":"https:\/\/lode.lv\/lt\/wp-json\/wp\/v2\/media\/273267"}],"wp:attachment":[{"href":"https:\/\/lode.lv\/lt\/wp-json\/wp\/v2\/media?parent=269503"}],"wp:term":[{"taxonomy":"product_brand","embeddable":true,"href":"https:\/\/lode.lv\/lt\/wp-json\/wp\/v2\/product_brand?post=269503"},{"taxonomy":"product_cat","embeddable":true,"href":"https:\/\/lode.lv\/lt\/wp-json\/wp\/v2\/product_cat?post=269503"},{"taxonomy":"product_tag","embeddable":true,"href":"https:\/\/lode.lv\/lt\/wp-json\/wp\/v2\/product_tag?post=269503"}],"curies":[{"name":"wp","href":"https:\/\/api.w.org\/{rel}","templated":true}]}}