{"id":269484,"date":"2025-03-17T01:34:23","date_gmt":"2025-03-17T01:34:23","guid":{"rendered":"http:\/\/lode2025.local\/product\/laivu-kapitonas-30-2\/"},"modified":"2025-05-10T07:14:05","modified_gmt":"2025-05-10T07:14:05","slug":"lode-master-30-2","status":"publish","type":"product","link":"https:\/\/lode.lv\/lt\/shop\/lode-statybiniai-blokai\/lode-master-lt\/lode-master-30-2\/","title":{"rendered":"LODE MASTER 30\/2"},"content":{"rendered":"<p>LODE Master 30\/2 yra patikimas ir universalus keraminis blokelis, skirtas tiek i\u0161orin\u0117ms, tiek vidin\u0117ms laikan\u010diosioms sienoms statyti. Jo ertmin\u0117 konstrukcija u\u017etikrina efektyvi\u0105 \u0161ilumos izoliacij\u0105, suma\u017eina \u0161ilumos nuostolius ir padidina pastato energin\u012f efektyvum\u0105. Glotnus bloko pavir\u0161ius leid\u017eia greitai ir patogiai statyti, ma\u017einant med\u017eiag\u0173 s\u0105naudas ir darbo laik\u0105. Master 30\/2 sienos u\u017etikrina puiki\u0105 garso izoliacij\u0105 ir palaiko komforti\u0161k\u0105 patalp\u0173 mikroklimat\u0105 efektyviai kontroliuodamos dr\u0117gm\u0117s lyg\u012f.<\/p>\n","protected":false},"excerpt":{"rendered":"<p>Statybinis blokelis<\/p>\n","protected":false},"featured_media":273299,"template":"","meta":{"_acf_changed":false},"product_brand":[173],"product_cat":[537,518,536],"product_tag":[],"class_list":{"0":"post-269484","1":"product","2":"type-product","3":"status-publish","4":"has-post-thumbnail","6":"product_brand-lode-master","7":"product_cat-lode-master-lt","8":"product_cat-lode-statybiniai-blokai","9":"product_cat-statybai-lt","11":"first","12":"instock","13":"product-type-simple"},"acf":[],"_links":{"self":[{"href":"https:\/\/lode.lv\/lt\/wp-json\/wp\/v2\/product\/269484","targetHints":{"allow":["GET"]}}],"collection":[{"href":"https:\/\/lode.lv\/lt\/wp-json\/wp\/v2\/product"}],"about":[{"href":"https:\/\/lode.lv\/lt\/wp-json\/wp\/v2\/types\/product"}],"wp:featuredmedia":[{"embeddable":true,"href":"https:\/\/lode.lv\/lt\/wp-json\/wp\/v2\/media\/273299"}],"wp:attachment":[{"href":"https:\/\/lode.lv\/lt\/wp-json\/wp\/v2\/media?parent=269484"}],"wp:term":[{"taxonomy":"product_brand","embeddable":true,"href":"https:\/\/lode.lv\/lt\/wp-json\/wp\/v2\/product_brand?post=269484"},{"taxonomy":"product_cat","embeddable":true,"href":"https:\/\/lode.lv\/lt\/wp-json\/wp\/v2\/product_cat?post=269484"},{"taxonomy":"product_tag","embeddable":true,"href":"https:\/\/lode.lv\/lt\/wp-json\/wp\/v2\/product_tag?post=269484"}],"curies":[{"name":"wp","href":"https:\/\/api.w.org\/{rel}","templated":true}]}}