{"id":269471,"date":"2025-03-17T01:34:23","date_gmt":"2025-03-17T01:34:23","guid":{"rendered":"http:\/\/lode2025.local\/product\/laivu-kapitonas-44-2\/"},"modified":"2025-07-03T15:03:57","modified_gmt":"2025-07-03T15:03:57","slug":"lode-master-44-2","status":"publish","type":"product","link":"https:\/\/lode.lv\/lt\/shop\/lode-statybiniai-blokai\/lode-master-lt\/lode-master-44-2\/","title":{"rendered":"LODE MASTER 44\/2"},"content":{"rendered":"<p>LODE Master 44\/2 \u2013 pusblokis, skirtas 440 mm storio sien\u0173 ir pertvar\u0173 kampams formuoti. \u0160i\u0173 keramini\u0173 blokeli\u0173 nereikia skaldyti, tod\u0117l jie padeda taupyti laik\u0105 ir med\u017eiagas statybos metu. Master 44\/2 yra pagalbinis LODE Master 44 sistemos elementas, naudojamas namo kampams, dur\u0173 ir lang\u0173 angoms bei sand\u016broms formuoti.<\/p>\n","protected":false},"excerpt":{"rendered":"<p>Statybinis blokelis<\/p>\n","protected":false},"featured_media":273275,"template":"","meta":{"_acf_changed":false},"product_brand":[173],"product_cat":[537,518,536],"product_tag":[],"class_list":{"0":"post-269471","1":"product","2":"type-product","3":"status-publish","4":"has-post-thumbnail","6":"product_brand-lode-master","7":"product_cat-lode-master-lt","8":"product_cat-lode-statybiniai-blokai","9":"product_cat-statybai-lt","11":"first","12":"instock","13":"product-type-simple"},"acf":[],"_links":{"self":[{"href":"https:\/\/lode.lv\/lt\/wp-json\/wp\/v2\/product\/269471","targetHints":{"allow":["GET"]}}],"collection":[{"href":"https:\/\/lode.lv\/lt\/wp-json\/wp\/v2\/product"}],"about":[{"href":"https:\/\/lode.lv\/lt\/wp-json\/wp\/v2\/types\/product"}],"wp:featuredmedia":[{"embeddable":true,"href":"https:\/\/lode.lv\/lt\/wp-json\/wp\/v2\/media\/273275"}],"wp:attachment":[{"href":"https:\/\/lode.lv\/lt\/wp-json\/wp\/v2\/media?parent=269471"}],"wp:term":[{"taxonomy":"product_brand","embeddable":true,"href":"https:\/\/lode.lv\/lt\/wp-json\/wp\/v2\/product_brand?post=269471"},{"taxonomy":"product_cat","embeddable":true,"href":"https:\/\/lode.lv\/lt\/wp-json\/wp\/v2\/product_cat?post=269471"},{"taxonomy":"product_tag","embeddable":true,"href":"https:\/\/lode.lv\/lt\/wp-json\/wp\/v2\/product_tag?post=269471"}],"curies":[{"name":"wp","href":"https:\/\/api.w.org\/{rel}","templated":true}]}}