{"id":269470,"date":"2025-03-17T01:34:23","date_gmt":"2025-03-17T01:34:23","guid":{"rendered":"http:\/\/lode2025.local\/product\/laivu-kapitonas-44-s\/"},"modified":"2025-05-10T07:16:09","modified_gmt":"2025-05-10T07:16:09","slug":"lode-master-44-s","status":"publish","type":"product","link":"https:\/\/lode.lv\/lt\/shop\/lode-statybiniai-blokai\/lode-master-lt\/lode-master-44-s\/","title":{"rendered":"LODE MASTER 44 S"},"content":{"rendered":"<p>&#8222;LODE Master 44S&#8221; yra specialiai 440 mm storio sienoms skirtas kampinis blokelis, palengvinantis ir pagreitinantis statybos proces\u0105. \u0160is blokelis yra papildoma &#8222;LODE Keraterm 44s&#8221; dalis ir naudojamas tiksliems bei kokybi\u0161kiems namo kampams, dur\u0173 ir lang\u0173 r\u0117mams, taip pat sand\u016br\u0173 konstrukcijai. Naudojant \u0161\u012f blok\u0105 nereikia papildomo pjovimo ar koregavimo, tod\u0117l suma\u017e\u0117ja statybos laikas ir med\u017eiag\u0173 \u0161vaistymas.<\/p>\n","protected":false},"excerpt":{"rendered":"<p>Statybinis blokelis<\/p>\n","protected":false},"featured_media":273307,"template":"","meta":{"_acf_changed":false},"product_brand":[173],"product_cat":[537,518,536],"product_tag":[],"class_list":{"0":"post-269470","1":"product","2":"type-product","3":"status-publish","4":"has-post-thumbnail","6":"product_brand-lode-master","7":"product_cat-lode-master-lt","8":"product_cat-lode-statybiniai-blokai","9":"product_cat-statybai-lt","11":"first","12":"instock","13":"product-type-simple"},"acf":[],"_links":{"self":[{"href":"https:\/\/lode.lv\/lt\/wp-json\/wp\/v2\/product\/269470","targetHints":{"allow":["GET"]}}],"collection":[{"href":"https:\/\/lode.lv\/lt\/wp-json\/wp\/v2\/product"}],"about":[{"href":"https:\/\/lode.lv\/lt\/wp-json\/wp\/v2\/types\/product"}],"wp:featuredmedia":[{"embeddable":true,"href":"https:\/\/lode.lv\/lt\/wp-json\/wp\/v2\/media\/273307"}],"wp:attachment":[{"href":"https:\/\/lode.lv\/lt\/wp-json\/wp\/v2\/media?parent=269470"}],"wp:term":[{"taxonomy":"product_brand","embeddable":true,"href":"https:\/\/lode.lv\/lt\/wp-json\/wp\/v2\/product_brand?post=269470"},{"taxonomy":"product_cat","embeddable":true,"href":"https:\/\/lode.lv\/lt\/wp-json\/wp\/v2\/product_cat?post=269470"},{"taxonomy":"product_tag","embeddable":true,"href":"https:\/\/lode.lv\/lt\/wp-json\/wp\/v2\/product_tag?post=269470"}],"curies":[{"name":"wp","href":"https:\/\/api.w.org\/{rel}","templated":true}]}}