{"id":269464,"date":"2025-03-17T01:34:23","date_gmt":"2025-03-17T01:34:23","guid":{"rendered":"http:\/\/lode2025.local\/product\/master-50\/"},"modified":"2025-07-03T15:04:29","modified_gmt":"2025-07-03T15:04:29","slug":"master-50","status":"publish","type":"product","link":"https:\/\/lode.lv\/lt\/shop\/lode-statybiniai-blokai\/lode-master-lt\/master-50\/","title":{"rendered":"LODE MASTER50"},"content":{"rendered":"<p>LODE Master 50 \u2013 tai tvirtas ir efektyvus blokelis, u\u017etikrinantis maksimali\u0105 \u0161ilumos izoliacij\u0105 be papildom\u0173 izoliacini\u0173 med\u017eiag\u0173. Jo storis garantuoja puik\u0173 energin\u012f efektyvum\u0105, reik\u0161mingai suma\u017eina \u0161ilumos nuostolius ir \u0161ildymo i\u0161laidas. LODE Master 50 tinka gyvenam\u0173j\u0173 ir kit\u0173 pastat\u0173 laikan\u010diosioms i\u0161orin\u0117ms sienoms statyti \u2013 jis u\u017etikrina auk\u0161t\u0105 strukt\u016brin\u012f tvirtum\u0105 ir komforti\u0161k\u0105 mikroklimat\u0105. Be to, blokelis pasi\u017eymi gera garso izoliacija, tod\u0117l patalpose tampa tyliau ir maloniau gyventi.<\/p>\n","protected":false},"excerpt":{"rendered":"<p>Statybinis blokelis<\/p>\n","protected":false},"featured_media":273283,"template":"","meta":{"_acf_changed":false},"product_brand":[173],"product_cat":[537,518,536],"product_tag":[],"class_list":{"0":"post-269464","1":"product","2":"type-product","3":"status-publish","4":"has-post-thumbnail","6":"product_brand-lode-master","7":"product_cat-lode-master-lt","8":"product_cat-lode-statybiniai-blokai","9":"product_cat-statybai-lt","11":"first","12":"instock","13":"product-type-simple"},"acf":[],"_links":{"self":[{"href":"https:\/\/lode.lv\/lt\/wp-json\/wp\/v2\/product\/269464","targetHints":{"allow":["GET"]}}],"collection":[{"href":"https:\/\/lode.lv\/lt\/wp-json\/wp\/v2\/product"}],"about":[{"href":"https:\/\/lode.lv\/lt\/wp-json\/wp\/v2\/types\/product"}],"wp:featuredmedia":[{"embeddable":true,"href":"https:\/\/lode.lv\/lt\/wp-json\/wp\/v2\/media\/273283"}],"wp:attachment":[{"href":"https:\/\/lode.lv\/lt\/wp-json\/wp\/v2\/media?parent=269464"}],"wp:term":[{"taxonomy":"product_brand","embeddable":true,"href":"https:\/\/lode.lv\/lt\/wp-json\/wp\/v2\/product_brand?post=269464"},{"taxonomy":"product_cat","embeddable":true,"href":"https:\/\/lode.lv\/lt\/wp-json\/wp\/v2\/product_cat?post=269464"},{"taxonomy":"product_tag","embeddable":true,"href":"https:\/\/lode.lv\/lt\/wp-json\/wp\/v2\/product_tag?post=269464"}],"curies":[{"name":"wp","href":"https:\/\/api.w.org\/{rel}","templated":true}]}}