{"id":269457,"date":"2025-03-20T12:02:50","date_gmt":"2025-03-20T12:02:50","guid":{"rendered":"http:\/\/lode2025.local\/product\/classic-2\/"},"modified":"2025-05-08T22:58:18","modified_gmt":"2025-05-08T22:58:18","slug":"classic-2","status":"publish","type":"product","link":"https:\/\/lode.lv\/lt\/shop\/brugesanai-lt\/klinkerio-grindinys\/classic-2\/","title":{"rendered":"CLASSIC"},"content":{"rendered":"<p>Raudonai purpurinis ta\u0161kuotas klinkerio grindinys, turintis kaimi\u0161k\u0105 i\u0161vaizd\u0105 d\u0117l nelygi\u0173 pavir\u0161i\u0173, suskilin\u0117jusios briaunos ir smulki\u0173 \u012ftr\u016bkim\u0173. \u0160ie unikal\u016bs bruo\u017eai sukuria autenti\u0161k\u0105 efekt\u0105, kuris ypa\u010d gerai dera istorin\u0117je miesto aplinkoje ir klasikin\u0117s architekt\u016bros projektuose. Atsparus nusid\u0117v\u0117jimui ir oro s\u0105lygoms, tod\u0117l ilg\u0105 laik\u0105 i\u0161laiko savo vizualin\u012f patrauklum\u0105.  <\/p>\n","protected":false},"excerpt":{"rendered":"<p>Klinkerio trinkel\u0117s<\/p>\n","protected":false},"featured_media":273491,"template":"","meta":{"_acf_changed":false},"product_brand":[103],"product_cat":[524],"product_tag":[],"class_list":{"0":"post-269457","1":"product","2":"type-product","3":"status-publish","4":"has-post-thumbnail","6":"product_brand-patoka","7":"product_cat-klinkerio-grindinys","9":"first","10":"instock","11":"purchasable","12":"product-type-simple"},"acf":[],"_links":{"self":[{"href":"https:\/\/lode.lv\/lt\/wp-json\/wp\/v2\/product\/269457","targetHints":{"allow":["GET"]}}],"collection":[{"href":"https:\/\/lode.lv\/lt\/wp-json\/wp\/v2\/product"}],"about":[{"href":"https:\/\/lode.lv\/lt\/wp-json\/wp\/v2\/types\/product"}],"wp:featuredmedia":[{"embeddable":true,"href":"https:\/\/lode.lv\/lt\/wp-json\/wp\/v2\/media\/273491"}],"wp:attachment":[{"href":"https:\/\/lode.lv\/lt\/wp-json\/wp\/v2\/media?parent=269457"}],"wp:term":[{"taxonomy":"product_brand","embeddable":true,"href":"https:\/\/lode.lv\/lt\/wp-json\/wp\/v2\/product_brand?post=269457"},{"taxonomy":"product_cat","embeddable":true,"href":"https:\/\/lode.lv\/lt\/wp-json\/wp\/v2\/product_cat?post=269457"},{"taxonomy":"product_tag","embeddable":true,"href":"https:\/\/lode.lv\/lt\/wp-json\/wp\/v2\/product_tag?post=269457"}],"curies":[{"name":"wp","href":"https:\/\/api.w.org\/{rel}","templated":true}]}}