{"id":269452,"date":"2025-03-20T12:02:50","date_gmt":"2025-03-20T12:02:50","guid":{"rendered":"http:\/\/lode2025.local\/product\/alt-solaris\/"},"modified":"2025-05-08T22:52:49","modified_gmt":"2025-05-08T22:52:49","slug":"alt-solaris","status":"publish","type":"product","link":"https:\/\/lode.lv\/lt\/shop\/brugesanai-lt\/klinkerio-grindinys\/alt-solaris\/","title":{"rendered":"ALT SOLARIS"},"content":{"rendered":"<p>Geltonai rudas margintas trinkeli\u0173 grindinys, siauras pailgo formos, sukuriantis \u0161ilt\u0105, saul\u0117t\u0105 ir harmoning\u0105 atmosfer\u0105. Jo nat\u016brali i\u0161vaizda ir kaimi\u0161kas pavir\u0161ius su ne\u017eymiais nelygumais ir suskilusiais kra\u0161tais suteikia i\u0161skirtinumo. D\u0117l didelio patvarumo \u0161i danga tinka p\u0117s\u010di\u0173j\u0173 takams, automobili\u0173 stov\u0117jimo aik\u0161tel\u0117ms ir \u012fva\u017eiavimams su lengvu transporto srautu.<\/p>\n","protected":false},"excerpt":{"rendered":"<p>Klinkerio trinkel\u0117s<\/p>\n","protected":false},"featured_media":273507,"template":"","meta":{"_acf_changed":false},"product_brand":[103],"product_cat":[524],"product_tag":[],"class_list":{"0":"post-269452","1":"product","2":"type-product","3":"status-publish","4":"has-post-thumbnail","6":"product_brand-patoka","7":"product_cat-klinkerio-grindinys","9":"first","10":"instock","11":"purchasable","12":"product-type-simple"},"acf":[],"_links":{"self":[{"href":"https:\/\/lode.lv\/lt\/wp-json\/wp\/v2\/product\/269452","targetHints":{"allow":["GET"]}}],"collection":[{"href":"https:\/\/lode.lv\/lt\/wp-json\/wp\/v2\/product"}],"about":[{"href":"https:\/\/lode.lv\/lt\/wp-json\/wp\/v2\/types\/product"}],"wp:featuredmedia":[{"embeddable":true,"href":"https:\/\/lode.lv\/lt\/wp-json\/wp\/v2\/media\/273507"}],"wp:attachment":[{"href":"https:\/\/lode.lv\/lt\/wp-json\/wp\/v2\/media?parent=269452"}],"wp:term":[{"taxonomy":"product_brand","embeddable":true,"href":"https:\/\/lode.lv\/lt\/wp-json\/wp\/v2\/product_brand?post=269452"},{"taxonomy":"product_cat","embeddable":true,"href":"https:\/\/lode.lv\/lt\/wp-json\/wp\/v2\/product_cat?post=269452"},{"taxonomy":"product_tag","embeddable":true,"href":"https:\/\/lode.lv\/lt\/wp-json\/wp\/v2\/product_tag?post=269452"}],"curies":[{"name":"wp","href":"https:\/\/api.w.org\/{rel}","templated":true}]}}