{"id":269445,"date":"2025-03-20T12:02:50","date_gmt":"2025-03-20T12:02:50","guid":{"rendered":"http:\/\/lode2025.local\/product\/toba\/"},"modified":"2025-05-08T22:49:16","modified_gmt":"2025-05-08T22:49:16","slug":"toba","status":"publish","type":"product","link":"https:\/\/lode.lv\/lt\/shop\/brugesanai-lt\/klinkerio-grindinys\/toba\/","title":{"rendered":"TOBA"},"content":{"rendered":"<p>Rudai ta\u0161kuoti grindinio akmenys su sidabriniais spindesiais, smulkiais \u012ftr\u016bkimais ir nat\u016braliais nelygumais, kurie suteikia i\u0161skirtin\u0119 i\u0161vaizd\u0105 ir pramonin\u012f eleganti\u0161kum\u0105. \u0160is &#8222;Patoka&#8221; stiliaus grindinys perteikia istorin\u0119 atmosfer\u0105, kuri puikiai dera tiek miesto, tiek kaimo aplinkoje. Didelis mechaninis stiprumas ir ma\u017eas vandens sug\u0117rimas u\u017etikrina patvarum\u0105 p\u0117s\u010di\u0173j\u0173 takams ir gyvenam\u0173j\u0173 teritorij\u0173 automobili\u0173 stov\u0117jimo aik\u0161tel\u0117ms.<\/p>\n","protected":false},"excerpt":{"rendered":"<p>Klinkerio trinkel\u0117s<\/p>\n","protected":false},"featured_media":273515,"template":"","meta":{"_acf_changed":false},"product_brand":[103],"product_cat":[524],"product_tag":[],"class_list":{"0":"post-269445","1":"product","2":"type-product","3":"status-publish","4":"has-post-thumbnail","6":"product_brand-patoka","7":"product_cat-klinkerio-grindinys","9":"first","10":"instock","11":"purchasable","12":"product-type-simple"},"acf":[],"_links":{"self":[{"href":"https:\/\/lode.lv\/lt\/wp-json\/wp\/v2\/product\/269445","targetHints":{"allow":["GET"]}}],"collection":[{"href":"https:\/\/lode.lv\/lt\/wp-json\/wp\/v2\/product"}],"about":[{"href":"https:\/\/lode.lv\/lt\/wp-json\/wp\/v2\/types\/product"}],"wp:featuredmedia":[{"embeddable":true,"href":"https:\/\/lode.lv\/lt\/wp-json\/wp\/v2\/media\/273515"}],"wp:attachment":[{"href":"https:\/\/lode.lv\/lt\/wp-json\/wp\/v2\/media?parent=269445"}],"wp:term":[{"taxonomy":"product_brand","embeddable":true,"href":"https:\/\/lode.lv\/lt\/wp-json\/wp\/v2\/product_brand?post=269445"},{"taxonomy":"product_cat","embeddable":true,"href":"https:\/\/lode.lv\/lt\/wp-json\/wp\/v2\/product_cat?post=269445"},{"taxonomy":"product_tag","embeddable":true,"href":"https:\/\/lode.lv\/lt\/wp-json\/wp\/v2\/product_tag?post=269445"}],"curies":[{"name":"wp","href":"https:\/\/api.w.org\/{rel}","templated":true}]}}