{"id":269444,"date":"2025-03-20T12:02:50","date_gmt":"2025-03-20T12:02:50","guid":{"rendered":"http:\/\/lode2025.local\/product\/alt-classic\/"},"modified":"2025-05-08T22:51:20","modified_gmt":"2025-05-08T22:51:20","slug":"alt-classic","status":"publish","type":"product","link":"https:\/\/lode.lv\/lt\/shop\/brugesanai-lt\/klinkerio-grindinys\/alt-classic\/","title":{"rendered":"ALT CLASSIC"},"content":{"rendered":"<p>Siauresnis rausvai violetinis margintas akmenukas su b\u016bdinga &#8222;Patoka&#8221; stiliaus apdaila &#8211; nelygiais kra\u0161tais ir \u012fvairia tekst\u016bra. \u0160ios savyb\u0117s sukuria rank\u0173 darbo \u0161edevro \u012fsp\u016bd\u012f, perteikia autenti\u0161kum\u0105 ir unikalum\u0105. Tinka p\u0117s\u010di\u0173j\u0173 takams ir kiemo automobili\u0173 stov\u0117jimo vietoms.<\/p>\n","protected":false},"excerpt":{"rendered":"<p>Klinkerio grindinio plytel\u0117s<\/p>\n","protected":false},"featured_media":273619,"template":"","meta":{"_acf_changed":false},"product_brand":[103],"product_cat":[524],"product_tag":[],"class_list":{"0":"post-269444","1":"product","2":"type-product","3":"status-publish","4":"has-post-thumbnail","6":"product_brand-patoka","7":"product_cat-klinkerio-grindinys","9":"first","10":"instock","11":"purchasable","12":"product-type-simple"},"acf":[],"_links":{"self":[{"href":"https:\/\/lode.lv\/lt\/wp-json\/wp\/v2\/product\/269444","targetHints":{"allow":["GET"]}}],"collection":[{"href":"https:\/\/lode.lv\/lt\/wp-json\/wp\/v2\/product"}],"about":[{"href":"https:\/\/lode.lv\/lt\/wp-json\/wp\/v2\/types\/product"}],"wp:featuredmedia":[{"embeddable":true,"href":"https:\/\/lode.lv\/lt\/wp-json\/wp\/v2\/media\/273619"}],"wp:attachment":[{"href":"https:\/\/lode.lv\/lt\/wp-json\/wp\/v2\/media?parent=269444"}],"wp:term":[{"taxonomy":"product_brand","embeddable":true,"href":"https:\/\/lode.lv\/lt\/wp-json\/wp\/v2\/product_brand?post=269444"},{"taxonomy":"product_cat","embeddable":true,"href":"https:\/\/lode.lv\/lt\/wp-json\/wp\/v2\/product_cat?post=269444"},{"taxonomy":"product_tag","embeddable":true,"href":"https:\/\/lode.lv\/lt\/wp-json\/wp\/v2\/product_tag?post=269444"}],"curies":[{"name":"wp","href":"https:\/\/api.w.org\/{rel}","templated":true}]}}