{"id":269437,"date":"2025-03-20T12:02:50","date_gmt":"2025-03-20T12:02:50","guid":{"rendered":"http:\/\/lode2025.local\/product\/alt-toba\/"},"modified":"2025-05-08T22:46:03","modified_gmt":"2025-05-08T22:46:03","slug":"alt-toba","status":"publish","type":"product","link":"https:\/\/lode.lv\/lt\/shop\/brugesanai-lt\/klinkerio-grindinys\/alt-toba\/","title":{"rendered":"ALT TOBA"},"content":{"rendered":"<p>Siaura, pailga rudos ir pilkai d\u0117m\u0117tos trinkel\u0117s forma su smulkiais \u012ftr\u016bkimais ir nelygiais kra\u0161tais, suteikianti b\u016bding\u0105j\u012f kaimi\u0161k\u0105 \u201ePatoka\u201c efekt\u0105. Puikiai tinka miesto projektams ir sodo takams, kur reikia nat\u016bralios, ta\u010diau tuo pa\u010diu ir patvarios dangos.<\/p>\n","protected":false},"excerpt":{"rendered":"<p>Klinkerio trinkel\u0117s<\/p>\n","protected":false},"featured_media":274033,"template":"","meta":{"_acf_changed":false},"product_brand":[103],"product_cat":[524],"product_tag":[],"class_list":{"0":"post-269437","1":"product","2":"type-product","3":"status-publish","4":"has-post-thumbnail","6":"product_brand-patoka","7":"product_cat-klinkerio-grindinys","9":"first","10":"instock","11":"purchasable","12":"product-type-simple"},"acf":[],"_links":{"self":[{"href":"https:\/\/lode.lv\/lt\/wp-json\/wp\/v2\/product\/269437","targetHints":{"allow":["GET"]}}],"collection":[{"href":"https:\/\/lode.lv\/lt\/wp-json\/wp\/v2\/product"}],"about":[{"href":"https:\/\/lode.lv\/lt\/wp-json\/wp\/v2\/types\/product"}],"wp:featuredmedia":[{"embeddable":true,"href":"https:\/\/lode.lv\/lt\/wp-json\/wp\/v2\/media\/274033"}],"wp:attachment":[{"href":"https:\/\/lode.lv\/lt\/wp-json\/wp\/v2\/media?parent=269437"}],"wp:term":[{"taxonomy":"product_brand","embeddable":true,"href":"https:\/\/lode.lv\/lt\/wp-json\/wp\/v2\/product_brand?post=269437"},{"taxonomy":"product_cat","embeddable":true,"href":"https:\/\/lode.lv\/lt\/wp-json\/wp\/v2\/product_cat?post=269437"},{"taxonomy":"product_tag","embeddable":true,"href":"https:\/\/lode.lv\/lt\/wp-json\/wp\/v2\/product_tag?post=269437"}],"curies":[{"name":"wp","href":"https:\/\/api.w.org\/{rel}","templated":true}]}}