{"id":269431,"date":"2025-03-20T12:02:50","date_gmt":"2025-03-20T12:02:50","guid":{"rendered":"http:\/\/lode2025.local\/product\/mozaika\/"},"modified":"2025-05-08T22:42:10","modified_gmt":"2025-05-08T22:42:10","slug":"mozaika","status":"publish","type":"product","link":"https:\/\/lode.lv\/lt\/shop\/brugesanai-lt\/klinkerio-grindinys\/mozaika\/","title":{"rendered":"MOZAIKA"},"content":{"rendered":"<p>Ma\u017ea kvadratin\u0117 klinkerio trinkel\u0117 rausvai rudos spalvos su d\u0117mel\u0117mis leid\u017eia kurti \u012fvairius ir dinami\u0161kus ra\u0161tus. D\u0117l savo kaimi\u0161kos i\u0161vaizdos, nelygi\u0173 kra\u0161t\u0173 ir plon\u0173 \u012ftr\u016bkim\u0173, ji ypa\u010d tinka istorini\u0173 pastat\u0173 restauravimui ir dekoratyviniams takams. D\u0117l didelio patvarumo ji tarnaus kartas ir nepraras savo vizualinio patrauklumo. Tinka sodo takams, p\u0117s\u010di\u0173j\u0173 zonoms ir automobili\u0173 stov\u0117jimo aik\u0161tel\u0117ms priva\u010diuose kiemuose.<\/p>\n","protected":false},"excerpt":{"rendered":"<p>Klinkerio trinkel\u0117s<\/p>\n","protected":false},"featured_media":274038,"template":"","meta":{"_acf_changed":false},"product_brand":[103],"product_cat":[524],"product_tag":[],"class_list":{"0":"post-269431","1":"product","2":"type-product","3":"status-publish","4":"has-post-thumbnail","6":"product_brand-patoka","7":"product_cat-klinkerio-grindinys","9":"first","10":"instock","11":"purchasable","12":"product-type-simple"},"acf":[],"_links":{"self":[{"href":"https:\/\/lode.lv\/lt\/wp-json\/wp\/v2\/product\/269431","targetHints":{"allow":["GET"]}}],"collection":[{"href":"https:\/\/lode.lv\/lt\/wp-json\/wp\/v2\/product"}],"about":[{"href":"https:\/\/lode.lv\/lt\/wp-json\/wp\/v2\/types\/product"}],"wp:featuredmedia":[{"embeddable":true,"href":"https:\/\/lode.lv\/lt\/wp-json\/wp\/v2\/media\/274038"}],"wp:attachment":[{"href":"https:\/\/lode.lv\/lt\/wp-json\/wp\/v2\/media?parent=269431"}],"wp:term":[{"taxonomy":"product_brand","embeddable":true,"href":"https:\/\/lode.lv\/lt\/wp-json\/wp\/v2\/product_brand?post=269431"},{"taxonomy":"product_cat","embeddable":true,"href":"https:\/\/lode.lv\/lt\/wp-json\/wp\/v2\/product_cat?post=269431"},{"taxonomy":"product_tag","embeddable":true,"href":"https:\/\/lode.lv\/lt\/wp-json\/wp\/v2\/product_tag?post=269431"}],"curies":[{"name":"wp","href":"https:\/\/api.w.org\/{rel}","templated":true}]}}