{"id":269418,"date":"2025-03-20T12:02:50","date_gmt":"2025-03-20T12:02:50","guid":{"rendered":"http:\/\/lode2025.local\/product\/wega\/"},"modified":"2025-09-11T05:25:34","modified_gmt":"2025-09-11T05:25:34","slug":"wega","status":"publish","type":"product","link":"https:\/\/lode.lv\/lt\/shop\/brugesanai-lt\/klinkerio-grindinys\/wega\/","title":{"rendered":"Wega"},"content":{"rendered":"<p>Tamsiai rudos spalvos grindinio akmenys, pasi\u017eymintys giliu ir sodriu \u017eem\u0117s tonu. D\u0117l tankios strukt\u016bros grindinio akmuo nesugeria dr\u0117gm\u0117s ir yra atsparus alyvos d\u0117m\u0117ms, tod\u0117l tai yra prakti\u0161kas pasirinkimas ne tik kiemams, sodams ir terasoms, bet ir keliams su dideliu eismo intensyvumu. Pasirinkite tinkamiausi\u0105 grindinio stor\u012f savo projektui!<\/p>\n","protected":false},"excerpt":{"rendered":"<p>Klinkerio trinkel\u0117s<\/p>\n","protected":false},"featured_media":273543,"template":"","meta":{"_acf_changed":false},"product_brand":[90],"product_cat":[524,1029,1058],"product_tag":[],"class_list":{"0":"post-269418","1":"product","2":"type-product","3":"status-publish","4":"has-post-thumbnail","6":"product_brand-lode","7":"product_cat-klinkerio-grindinys","8":"product_cat-brugesanai-lt","9":"product_cat-rudens2025","11":"first","12":"instock","13":"purchasable","14":"product-type-variable"},"acf":[],"_links":{"self":[{"href":"https:\/\/lode.lv\/lt\/wp-json\/wp\/v2\/product\/269418","targetHints":{"allow":["GET"]}}],"collection":[{"href":"https:\/\/lode.lv\/lt\/wp-json\/wp\/v2\/product"}],"about":[{"href":"https:\/\/lode.lv\/lt\/wp-json\/wp\/v2\/types\/product"}],"wp:featuredmedia":[{"embeddable":true,"href":"https:\/\/lode.lv\/lt\/wp-json\/wp\/v2\/media\/273543"}],"wp:attachment":[{"href":"https:\/\/lode.lv\/lt\/wp-json\/wp\/v2\/media?parent=269418"}],"wp:term":[{"taxonomy":"product_brand","embeddable":true,"href":"https:\/\/lode.lv\/lt\/wp-json\/wp\/v2\/product_brand?post=269418"},{"taxonomy":"product_cat","embeddable":true,"href":"https:\/\/lode.lv\/lt\/wp-json\/wp\/v2\/product_cat?post=269418"},{"taxonomy":"product_tag","embeddable":true,"href":"https:\/\/lode.lv\/lt\/wp-json\/wp\/v2\/product_tag?post=269418"}],"curies":[{"name":"wp","href":"https:\/\/api.w.org\/{rel}","templated":true}]}}