{"id":268962,"date":"2025-03-16T21:56:48","date_gmt":"2025-03-16T21:56:48","guid":{"rendered":"http:\/\/lode2025.local\/product\/alfa\/"},"modified":"2025-05-06T09:29:48","modified_gmt":"2025-05-06T09:29:48","slug":"alfa","status":"publish","type":"product","link":"https:\/\/lode.lv\/lt\/shop\/del-fasado\/visas-plytas\/alfa\/","title":{"rendered":"ALFA"},"content":{"rendered":"<p>ALFA pasi\u017eymi aksominiu giliai raudonu atspalviu, kuris sukuria jauki\u0105 atmosfer\u0105. Jos glotnus pavir\u0161ius suteikia sienai tvarking\u0105 ir eleganti\u0161k\u0105 i\u0161vaizd\u0105, leid\u017eiant\u012f jai \u012fsilieti \u012f aplink\u0105 arba sukurti \u0161veln\u0173, harmoning\u0105 kontrast\u0105. Tinka tiek klasikiniams, tiek moderniems pastatams, ALFA plyta apgaubia pastat\u0105 kvie\u010dian\u010dia ir jaukia aura, kartu u\u017etikrindama ilgaam\u017ei\u0161kum\u0105 ir kokyb\u0119.  <\/p>\n","protected":false},"excerpt":{"rendered":"<p>Pilnavidur\u0117 plyta<\/p>\n","protected":false},"featured_media":272659,"template":"","meta":{"_acf_changed":false},"product_brand":[90],"product_cat":[462,464],"product_tag":[],"class_list":{"0":"post-268962","1":"product","2":"type-product","3":"status-publish","4":"has-post-thumbnail","6":"product_brand-lode","7":"product_cat-dumtraukiams-krosnims","8":"product_cat-visas-plytas","10":"first","11":"instock","12":"purchasable","13":"product-type-simple"},"acf":[],"_links":{"self":[{"href":"https:\/\/lode.lv\/lt\/wp-json\/wp\/v2\/product\/268962","targetHints":{"allow":["GET"]}}],"collection":[{"href":"https:\/\/lode.lv\/lt\/wp-json\/wp\/v2\/product"}],"about":[{"href":"https:\/\/lode.lv\/lt\/wp-json\/wp\/v2\/types\/product"}],"wp:featuredmedia":[{"embeddable":true,"href":"https:\/\/lode.lv\/lt\/wp-json\/wp\/v2\/media\/272659"}],"wp:attachment":[{"href":"https:\/\/lode.lv\/lt\/wp-json\/wp\/v2\/media?parent=268962"}],"wp:term":[{"taxonomy":"product_brand","embeddable":true,"href":"https:\/\/lode.lv\/lt\/wp-json\/wp\/v2\/product_brand?post=268962"},{"taxonomy":"product_cat","embeddable":true,"href":"https:\/\/lode.lv\/lt\/wp-json\/wp\/v2\/product_cat?post=268962"},{"taxonomy":"product_tag","embeddable":true,"href":"https:\/\/lode.lv\/lt\/wp-json\/wp\/v2\/product_tag?post=268962"}],"curies":[{"name":"wp","href":"https:\/\/api.w.org\/{rel}","templated":true}]}}