{"id":268957,"date":"2025-03-16T21:56:48","date_gmt":"2025-03-16T21:56:48","guid":{"rendered":"http:\/\/lode2025.local\/product\/andromeda\/"},"modified":"2025-05-06T09:30:43","modified_gmt":"2025-05-06T09:30:43","slug":"andromeda","status":"publish","type":"product","link":"https:\/\/lode.lv\/lt\/shop\/del-fasado\/visas-plytas\/andromeda\/","title":{"rendered":"ANDROMEDA"},"content":{"rendered":"<p>ANDROMEDA derina violetin\u0117s ir raudonos spalvos tonus, kad fasadas atrodyt\u0173 ne\u012fprastai ir rafinuotai. Lygus pavir\u0161ius sukuria eleganti\u0161k\u0105 ir tvarking\u0105 apdail\u0105, kuri dera tiek prie modernios, tiek prie istorin\u0117s architekt\u016bros. D\u0117l sodrios ir gilios spalvos ANDROMEDA plyta sukuria tvirt\u0105 ir vizualiai turting\u0105 fasad\u0105. Tvirta apdailos plyta i\u0161 nat\u016bralaus molio taip pat tinka krosni\u0173 ir d\u016bmtrauki\u0173 apdailai, taip pat pirtims ir stogo elementams.   <\/p>\n","protected":false},"excerpt":{"rendered":"<p>Pilnavidur\u0117 plyta<\/p>\n","protected":false},"featured_media":272667,"template":"","meta":{"_acf_changed":false},"product_brand":[90],"product_cat":[462,464],"product_tag":[],"class_list":{"0":"post-268957","1":"product","2":"type-product","3":"status-publish","4":"has-post-thumbnail","6":"product_brand-lode","7":"product_cat-dumtraukiams-krosnims","8":"product_cat-visas-plytas","10":"first","11":"instock","12":"purchasable","13":"product-type-simple"},"acf":[],"_links":{"self":[{"href":"https:\/\/lode.lv\/lt\/wp-json\/wp\/v2\/product\/268957","targetHints":{"allow":["GET"]}}],"collection":[{"href":"https:\/\/lode.lv\/lt\/wp-json\/wp\/v2\/product"}],"about":[{"href":"https:\/\/lode.lv\/lt\/wp-json\/wp\/v2\/types\/product"}],"wp:featuredmedia":[{"embeddable":true,"href":"https:\/\/lode.lv\/lt\/wp-json\/wp\/v2\/media\/272667"}],"wp:attachment":[{"href":"https:\/\/lode.lv\/lt\/wp-json\/wp\/v2\/media?parent=268957"}],"wp:term":[{"taxonomy":"product_brand","embeddable":true,"href":"https:\/\/lode.lv\/lt\/wp-json\/wp\/v2\/product_brand?post=268957"},{"taxonomy":"product_cat","embeddable":true,"href":"https:\/\/lode.lv\/lt\/wp-json\/wp\/v2\/product_cat?post=268957"},{"taxonomy":"product_tag","embeddable":true,"href":"https:\/\/lode.lv\/lt\/wp-json\/wp\/v2\/product_tag?post=268957"}],"curies":[{"name":"wp","href":"https:\/\/api.w.org\/{rel}","templated":true}]}}