{"id":268949,"date":"2025-03-16T21:56:48","date_gmt":"2025-03-16T21:56:48","guid":{"rendered":"http:\/\/lode2025.local\/product\/vandenis\/"},"modified":"2025-05-06T09:28:35","modified_gmt":"2025-05-06T09:28:35","slug":"vandenis","status":"publish","type":"product","link":"https:\/\/lode.lv\/lt\/shop\/del-fasado\/visas-plytas\/vandenis\/","title":{"rendered":"AQUARIUS"},"content":{"rendered":"<p>&#8222;AQUARIUS&#8221; derina raudon\u0105 ir \u017eali\u0105 atspalv\u012f su glotniu pavir\u0161iumi, kad sukurt\u0173 ry\u0161ki\u0105 fasado i\u0161vaizd\u0105. Jos unikalus atspalvis suteikia pastatui esteti\u0161kai \u012fsp\u016bding\u0105 vizualin\u012f vaizd\u0105. Tinka pramoniniams ir moderniems projektams, AQUARIUS plyta yra puikus pasirinkimas tiems, kurie nori suderinti unikal\u0173 dizain\u0105 ir tvarum\u0105. Tvirta apdailos plyta i\u0161 nat\u016bralaus molio, taip pat tinkama krosni\u0173 ir d\u016bmtrauki\u0173 apdailai, taip pat pirtims ir stogo elementams.    <\/p>\n","protected":false},"excerpt":{"rendered":"<p>Pilnavidur\u0117 plyta<\/p>\n","protected":false},"featured_media":272671,"template":"","meta":{"_acf_changed":false},"product_brand":[90],"product_cat":[462,464],"product_tag":[],"class_list":{"0":"post-268949","1":"product","2":"type-product","3":"status-publish","4":"has-post-thumbnail","6":"product_brand-lode","7":"product_cat-dumtraukiams-krosnims","8":"product_cat-visas-plytas","10":"first","11":"instock","12":"purchasable","13":"product-type-simple"},"acf":[],"_links":{"self":[{"href":"https:\/\/lode.lv\/lt\/wp-json\/wp\/v2\/product\/268949","targetHints":{"allow":["GET"]}}],"collection":[{"href":"https:\/\/lode.lv\/lt\/wp-json\/wp\/v2\/product"}],"about":[{"href":"https:\/\/lode.lv\/lt\/wp-json\/wp\/v2\/types\/product"}],"wp:featuredmedia":[{"embeddable":true,"href":"https:\/\/lode.lv\/lt\/wp-json\/wp\/v2\/media\/272671"}],"wp:attachment":[{"href":"https:\/\/lode.lv\/lt\/wp-json\/wp\/v2\/media?parent=268949"}],"wp:term":[{"taxonomy":"product_brand","embeddable":true,"href":"https:\/\/lode.lv\/lt\/wp-json\/wp\/v2\/product_brand?post=268949"},{"taxonomy":"product_cat","embeddable":true,"href":"https:\/\/lode.lv\/lt\/wp-json\/wp\/v2\/product_cat?post=268949"},{"taxonomy":"product_tag","embeddable":true,"href":"https:\/\/lode.lv\/lt\/wp-json\/wp\/v2\/product_tag?post=268949"}],"curies":[{"name":"wp","href":"https:\/\/api.w.org\/{rel}","templated":true}]}}