{"id":268941,"date":"2025-03-16T21:56:48","date_gmt":"2025-03-16T21:56:48","guid":{"rendered":"http:\/\/lode2025.local\/product\/asais-brunis\/"},"modified":"2025-05-06T09:03:32","modified_gmt":"2025-05-06T09:03:32","slug":"asais-brunis","status":"publish","type":"product","link":"https:\/\/lode.lv\/lt\/shop\/del-fasado\/visas-plytas\/asais-brunis\/","title":{"rendered":"ASAIS BRUNIS"},"content":{"rendered":"<p>Tvirta kavos spalvos apdailos plyta su ry\u0161kiai subrai\u017eytu pavir\u0161iumi, suteikian\u010diu fasadui dinami\u0161kumo ir i\u0161rai\u0161kingumo. Jos tekst\u016bra sukuria subtil\u0173 \u0161viesos ir \u0161e\u0161\u0117li\u0173 \u017eaism\u0105, kuris vizualiai pagyvina sienos strukt\u016br\u0105 ir suteikia fasadui unikal\u0173 charakter\u012f. Idealiai tinka pramoniniams ir klasikiniams pastatams, taip pat siekiant sukurti i\u0161skirtin\u0119 ir moderni\u0105 strukt\u016br\u0173 i\u0161vaizd\u0105. Kietos apdailos plytos i\u0161 nat\u016bralaus molio taip pat tinkamos krosni\u0173 ir d\u016bmtrauki\u0173 apdailai, taip pat pirtims ir stogo elementams.<\/p>\n","protected":false},"excerpt":{"rendered":"<p>Pilnavidur\u0117 plyta<\/p>\n","protected":false},"featured_media":272759,"template":"","meta":{"_acf_changed":false},"product_brand":[90],"product_cat":[462,464],"product_tag":[],"class_list":{"0":"post-268941","1":"product","2":"type-product","3":"status-publish","4":"has-post-thumbnail","6":"product_brand-lode","7":"product_cat-dumtraukiams-krosnims","8":"product_cat-visas-plytas","10":"first","11":"instock","12":"purchasable","13":"product-type-simple"},"acf":[],"_links":{"self":[{"href":"https:\/\/lode.lv\/lt\/wp-json\/wp\/v2\/product\/268941","targetHints":{"allow":["GET"]}}],"collection":[{"href":"https:\/\/lode.lv\/lt\/wp-json\/wp\/v2\/product"}],"about":[{"href":"https:\/\/lode.lv\/lt\/wp-json\/wp\/v2\/types\/product"}],"wp:featuredmedia":[{"embeddable":true,"href":"https:\/\/lode.lv\/lt\/wp-json\/wp\/v2\/media\/272759"}],"wp:attachment":[{"href":"https:\/\/lode.lv\/lt\/wp-json\/wp\/v2\/media?parent=268941"}],"wp:term":[{"taxonomy":"product_brand","embeddable":true,"href":"https:\/\/lode.lv\/lt\/wp-json\/wp\/v2\/product_brand?post=268941"},{"taxonomy":"product_cat","embeddable":true,"href":"https:\/\/lode.lv\/lt\/wp-json\/wp\/v2\/product_cat?post=268941"},{"taxonomy":"product_tag","embeddable":true,"href":"https:\/\/lode.lv\/lt\/wp-json\/wp\/v2\/product_tag?post=268941"}],"curies":[{"name":"wp","href":"https:\/\/api.w.org\/{rel}","templated":true}]}}