{"id":268938,"date":"2025-03-16T21:56:48","date_gmt":"2025-03-16T21:56:48","guid":{"rendered":"http:\/\/lode2025.local\/product\/cameleo\/"},"modified":"2025-05-06T09:03:29","modified_gmt":"2025-05-06T09:03:29","slug":"cameleo","status":"publish","type":"product","link":"https:\/\/lode.lv\/lt\/shop\/del-fasado\/visas-plytas\/cameleo\/","title":{"rendered":"CAMELEO"},"content":{"rendered":"<p>Plytos b\u016bdingas \u012fvairus \u0161ilt\u0173 raudon\u0173 ir rusv\u0173 atspalvi\u0173 derinys, suteikiantis fasadui gyvybingumo ir nat\u016bralumo. Jos lygus pavir\u0161ius sukuria eleganti\u0161k\u0105 ir tvarking\u0105 i\u0161vaizd\u0105, o niuansuotas spalv\u0173 \u017eaismas suteikia dinami\u0161kumo ir padaro sien\u0105 vizualiai patrauklesn\u0119. Puikiai tinka tiek klasikiniams, tiek moderniems pastatams, CAMELEO plyta harmoningai dera su aplinka ir sukuria unikal\u0173 fasado vaizd\u0105. Nat\u016bralaus molio masyvi plyta taip pat tinkama krosni\u0173 ir d\u016bmtrauki\u0173 apdailai, taip pat saunoms ir stogo elementams.<\/p>\n","protected":false},"excerpt":{"rendered":"<p>Pilnavidur\u0117 plyta<\/p>\n","protected":false},"featured_media":272775,"template":"","meta":{"_acf_changed":false},"product_brand":[90],"product_cat":[462,464],"product_tag":[],"class_list":{"0":"post-268938","1":"product","2":"type-product","3":"status-publish","4":"has-post-thumbnail","6":"product_brand-lode","7":"product_cat-dumtraukiams-krosnims","8":"product_cat-visas-plytas","10":"first","11":"instock","12":"purchasable","13":"product-type-simple"},"acf":[],"_links":{"self":[{"href":"https:\/\/lode.lv\/lt\/wp-json\/wp\/v2\/product\/268938","targetHints":{"allow":["GET"]}}],"collection":[{"href":"https:\/\/lode.lv\/lt\/wp-json\/wp\/v2\/product"}],"about":[{"href":"https:\/\/lode.lv\/lt\/wp-json\/wp\/v2\/types\/product"}],"wp:featuredmedia":[{"embeddable":true,"href":"https:\/\/lode.lv\/lt\/wp-json\/wp\/v2\/media\/272775"}],"wp:attachment":[{"href":"https:\/\/lode.lv\/lt\/wp-json\/wp\/v2\/media?parent=268938"}],"wp:term":[{"taxonomy":"product_brand","embeddable":true,"href":"https:\/\/lode.lv\/lt\/wp-json\/wp\/v2\/product_brand?post=268938"},{"taxonomy":"product_cat","embeddable":true,"href":"https:\/\/lode.lv\/lt\/wp-json\/wp\/v2\/product_cat?post=268938"},{"taxonomy":"product_tag","embeddable":true,"href":"https:\/\/lode.lv\/lt\/wp-json\/wp\/v2\/product_tag?post=268938"}],"curies":[{"name":"wp","href":"https:\/\/api.w.org\/{rel}","templated":true}]}}