{"id":268929,"date":"2025-03-16T21:56:48","date_gmt":"2025-03-16T21:56:48","guid":{"rendered":"http:\/\/lode2025.local\/product\/carbon\/"},"modified":"2025-05-06T09:03:30","modified_gmt":"2025-05-06T09:03:30","slug":"carbon","status":"publish","type":"product","link":"https:\/\/lode.lv\/lt\/shop\/del-fasado\/visas-plytas\/carbon\/","title":{"rendered":"CARBON"},"content":{"rendered":"<p>CARBON plyta yra \u017einoma d\u0117l savo aksomin\u0117s juodos spalvos ir glotnaus pavir\u0161iaus, kuris suteikia fasadui vientis\u0105 ir \u0161iuolaiki\u0161k\u0105 i\u0161vaizd\u0105. Jos i\u0161skirtin\u0117 gili spalva harmoningai dera su minimalistine ir industrine architekt\u016bra, sukurdama stipr\u0173, bet vizualiai \u0161var\u0173 efekt\u0105. \u0160i med\u017eiaga yra ilgaam\u017e\u0117 ir i\u0161laiko savo patvarum\u0105 \u0161imtme\u010dius. Ji taip pat tinkama krosni\u0173 ir d\u016bmtrauki\u0173 apdailai, taip pat saunoms ir stogo elementams.<\/p>\n","protected":false},"excerpt":{"rendered":"<p>Pilnavidur\u0117 plyta<\/p>\n","protected":false},"featured_media":272783,"template":"","meta":{"_acf_changed":false},"product_brand":[90],"product_cat":[462,464],"product_tag":[],"class_list":{"0":"post-268929","1":"product","2":"type-product","3":"status-publish","4":"has-post-thumbnail","6":"product_brand-lode","7":"product_cat-dumtraukiams-krosnims","8":"product_cat-visas-plytas","10":"first","11":"instock","12":"purchasable","13":"product-type-simple"},"acf":[],"_links":{"self":[{"href":"https:\/\/lode.lv\/lt\/wp-json\/wp\/v2\/product\/268929","targetHints":{"allow":["GET"]}}],"collection":[{"href":"https:\/\/lode.lv\/lt\/wp-json\/wp\/v2\/product"}],"about":[{"href":"https:\/\/lode.lv\/lt\/wp-json\/wp\/v2\/types\/product"}],"wp:featuredmedia":[{"embeddable":true,"href":"https:\/\/lode.lv\/lt\/wp-json\/wp\/v2\/media\/272783"}],"wp:attachment":[{"href":"https:\/\/lode.lv\/lt\/wp-json\/wp\/v2\/media?parent=268929"}],"wp:term":[{"taxonomy":"product_brand","embeddable":true,"href":"https:\/\/lode.lv\/lt\/wp-json\/wp\/v2\/product_brand?post=268929"},{"taxonomy":"product_cat","embeddable":true,"href":"https:\/\/lode.lv\/lt\/wp-json\/wp\/v2\/product_cat?post=268929"},{"taxonomy":"product_tag","embeddable":true,"href":"https:\/\/lode.lv\/lt\/wp-json\/wp\/v2\/product_tag?post=268929"}],"curies":[{"name":"wp","href":"https:\/\/api.w.org\/{rel}","templated":true}]}}