{"id":268923,"date":"2025-03-16T21:56:48","date_gmt":"2025-03-16T21:56:48","guid":{"rendered":"http:\/\/lode2025.local\/product\/centaur\/"},"modified":"2025-05-06T09:03:28","modified_gmt":"2025-05-06T09:03:28","slug":"centaur","status":"publish","type":"product","link":"https:\/\/lode.lv\/lt\/shop\/del-fasado\/visas-plytas\/centaur\/","title":{"rendered":"CENTAUR"},"content":{"rendered":"<p>CENTAUR, pasi\u017eymintis sidabro pilkumo atspalviu ir lygiu pavir\u0161iumi, suteikia pastatui modern\u0173 ir eleganti\u0161k\u0105 \u012fvaizd\u012f. Jo neutrali, ta\u010diau i\u0161rai\u0161kinga spalva leid\u017eia j\u012f lengvai derinti su stiklu, metalu ir mediena, siekiant sukurti vizualiai \u0161vari\u0105 ir rafinuot\u0105 architekt\u016brin\u0119 kalb\u0105. Idealiai tinka moderniems ir pramoniniams pastatams, kuriems reikalingas patvarus bei esteti\u0161kai patrauklus fasadas. Tvirta apdailos plyta taip pat puikiai tinka krosni\u0173 ir d\u016bmtrauki\u0173 apdailai, taip pat saunoms ir stogo elementams.<\/p>\n","protected":false},"excerpt":{"rendered":"<p>Pilnavidur\u0117 plyta<\/p>\n","protected":false},"featured_media":272675,"template":"","meta":{"_acf_changed":false},"product_brand":[90],"product_cat":[462,464],"product_tag":[],"class_list":{"0":"post-268923","1":"product","2":"type-product","3":"status-publish","4":"has-post-thumbnail","6":"product_brand-lode","7":"product_cat-dumtraukiams-krosnims","8":"product_cat-visas-plytas","10":"first","11":"instock","12":"purchasable","13":"product-type-simple"},"acf":[],"_links":{"self":[{"href":"https:\/\/lode.lv\/lt\/wp-json\/wp\/v2\/product\/268923","targetHints":{"allow":["GET"]}}],"collection":[{"href":"https:\/\/lode.lv\/lt\/wp-json\/wp\/v2\/product"}],"about":[{"href":"https:\/\/lode.lv\/lt\/wp-json\/wp\/v2\/types\/product"}],"wp:featuredmedia":[{"embeddable":true,"href":"https:\/\/lode.lv\/lt\/wp-json\/wp\/v2\/media\/272675"}],"wp:attachment":[{"href":"https:\/\/lode.lv\/lt\/wp-json\/wp\/v2\/media?parent=268923"}],"wp:term":[{"taxonomy":"product_brand","embeddable":true,"href":"https:\/\/lode.lv\/lt\/wp-json\/wp\/v2\/product_brand?post=268923"},{"taxonomy":"product_cat","embeddable":true,"href":"https:\/\/lode.lv\/lt\/wp-json\/wp\/v2\/product_cat?post=268923"},{"taxonomy":"product_tag","embeddable":true,"href":"https:\/\/lode.lv\/lt\/wp-json\/wp\/v2\/product_tag?post=268923"}],"curies":[{"name":"wp","href":"https:\/\/api.w.org\/{rel}","templated":true}]}}