{"id":268918,"date":"2025-03-16T21:56:48","date_gmt":"2025-03-16T21:56:48","guid":{"rendered":"http:\/\/lode2025.local\/product\/galaxy\/"},"modified":"2025-05-06T09:03:26","modified_gmt":"2025-05-06T09:03:26","slug":"galaxy","status":"publish","type":"product","link":"https:\/\/lode.lv\/lt\/shop\/del-fasado\/visas-plytas\/galaxy\/","title":{"rendered":"GALAXY"},"content":{"rendered":"<p>GALAXY i\u0161siskiria sodria juoda spalva ir lygiu pavir\u0161iumi, suteikian\u010diu pastatui pramonin\u012f ir modern\u0173 \u012fsp\u016bd\u012f. Jos monolitin\u0117 strukt\u016bra sukuria minimalistin\u012f ir vizualiai \u0161var\u0173 fasad\u0105, kuris idealiai dera su \u0161iuolaikiniais architekt\u016briniais sprendimais ir tokiomis med\u017eiagomis kaip metalas ir stiklas. \u0160i plyta suteikia pastatui elegancijos ir vizualinio gilumo, kartu u\u017etikrindama patvarum\u0105 ir ilgaam\u017ei\u0161kum\u0105. I\u0161 nat\u016bralaus molio pagaminta tvirta apdailos plyta taip pat tinka krosni\u0173 ir d\u016bmtrauki\u0173 apdailai, taip pat saunoms ir stogo elementams.<\/p>\n","protected":false},"excerpt":{"rendered":"<p>Pilnavidur\u0117 plyta<\/p>\n","protected":false},"featured_media":272803,"template":"","meta":{"_acf_changed":false},"product_brand":[90],"product_cat":[462,464],"product_tag":[],"class_list":{"0":"post-268918","1":"product","2":"type-product","3":"status-publish","4":"has-post-thumbnail","6":"product_brand-lode","7":"product_cat-dumtraukiams-krosnims","8":"product_cat-visas-plytas","10":"first","11":"instock","12":"purchasable","13":"product-type-simple"},"acf":[],"_links":{"self":[{"href":"https:\/\/lode.lv\/lt\/wp-json\/wp\/v2\/product\/268918","targetHints":{"allow":["GET"]}}],"collection":[{"href":"https:\/\/lode.lv\/lt\/wp-json\/wp\/v2\/product"}],"about":[{"href":"https:\/\/lode.lv\/lt\/wp-json\/wp\/v2\/types\/product"}],"wp:featuredmedia":[{"embeddable":true,"href":"https:\/\/lode.lv\/lt\/wp-json\/wp\/v2\/media\/272803"}],"wp:attachment":[{"href":"https:\/\/lode.lv\/lt\/wp-json\/wp\/v2\/media?parent=268918"}],"wp:term":[{"taxonomy":"product_brand","embeddable":true,"href":"https:\/\/lode.lv\/lt\/wp-json\/wp\/v2\/product_brand?post=268918"},{"taxonomy":"product_cat","embeddable":true,"href":"https:\/\/lode.lv\/lt\/wp-json\/wp\/v2\/product_cat?post=268918"},{"taxonomy":"product_tag","embeddable":true,"href":"https:\/\/lode.lv\/lt\/wp-json\/wp\/v2\/product_tag?post=268918"}],"curies":[{"name":"wp","href":"https:\/\/api.w.org\/{rel}","templated":true}]}}