{"id":268915,"date":"2025-03-16T21:56:48","date_gmt":"2025-03-16T21:56:48","guid":{"rendered":"http:\/\/lode2025.local\/product\/etna\/"},"modified":"2025-05-06T09:03:28","modified_gmt":"2025-05-06T09:03:28","slug":"etna","status":"publish","type":"product","link":"https:\/\/lode.lv\/lt\/shop\/del-fasado\/visas-plytas\/etna\/","title":{"rendered":"ETNA"},"content":{"rendered":"<p>ETNA pasi\u017eymi sodriai tamsiai raudonai rudu ir purpuriniu atspalviu, suteikian\u010diu fasadui galing\u0105 ir i\u0161rai\u0161king\u0105 vizualin\u012f \u012fvaizd\u012f, suderint\u0105 su lygiu ir ramiu plyt\u0173 pavir\u0161iumi. Tinka tiems, kurie siekia sukurti unikal\u0173 ir patvar\u0173 pastato fasad\u0105, ilgaam\u017ei\u0161kai i\u0161laikant\u012f savo patrauklum\u0105 ir atsparum\u0105 aplinkos poveikiams. ETNA taip pat tinka krosni\u0173 ir kamin\u0173 apdailai, taip pat pir\u010di\u0173 ir stogo elementams.<\/p>\n","protected":false},"excerpt":{"rendered":"<p>Pilnavidur\u0117 plyta<\/p>\n","protected":false},"featured_media":272679,"template":"","meta":{"_acf_changed":false},"product_brand":[90],"product_cat":[462,464],"product_tag":[],"class_list":{"0":"post-268915","1":"product","2":"type-product","3":"status-publish","4":"has-post-thumbnail","6":"product_brand-lode","7":"product_cat-dumtraukiams-krosnims","8":"product_cat-visas-plytas","10":"first","11":"instock","12":"purchasable","13":"product-type-simple"},"acf":[],"_links":{"self":[{"href":"https:\/\/lode.lv\/lt\/wp-json\/wp\/v2\/product\/268915","targetHints":{"allow":["GET"]}}],"collection":[{"href":"https:\/\/lode.lv\/lt\/wp-json\/wp\/v2\/product"}],"about":[{"href":"https:\/\/lode.lv\/lt\/wp-json\/wp\/v2\/types\/product"}],"wp:featuredmedia":[{"embeddable":true,"href":"https:\/\/lode.lv\/lt\/wp-json\/wp\/v2\/media\/272679"}],"wp:attachment":[{"href":"https:\/\/lode.lv\/lt\/wp-json\/wp\/v2\/media?parent=268915"}],"wp:term":[{"taxonomy":"product_brand","embeddable":true,"href":"https:\/\/lode.lv\/lt\/wp-json\/wp\/v2\/product_brand?post=268915"},{"taxonomy":"product_cat","embeddable":true,"href":"https:\/\/lode.lv\/lt\/wp-json\/wp\/v2\/product_cat?post=268915"},{"taxonomy":"product_tag","embeddable":true,"href":"https:\/\/lode.lv\/lt\/wp-json\/wp\/v2\/product_tag?post=268915"}],"curies":[{"name":"wp","href":"https:\/\/api.w.org\/{rel}","templated":true}]}}