{"id":268909,"date":"2025-03-16T21:56:48","date_gmt":"2025-03-16T21:56:48","guid":{"rendered":"http:\/\/lode2025.local\/product\/gemini\/"},"modified":"2025-05-06T09:03:27","modified_gmt":"2025-05-06T09:03:27","slug":"gemini","status":"publish","type":"product","link":"https:\/\/lode.lv\/lt\/shop\/del-fasado\/visas-plytas\/gemini\/","title":{"rendered":"GEMINI"},"content":{"rendered":"<p>Raudonai d\u0117m\u0117ta plyta su lygiu pavir\u0161iumi, kuri suteikia fasadui elegancijos ir gilumo. Jos spalv\u0173 per\u0117jimai sukuria nat\u016bral\u0173 ir harmoning\u0105 architekt\u016brin\u012f sprendim\u0105, kuris i\u0161siskiria sant\u016briu, bet i\u0161rai\u0161kingu charakteriu. Puikiai tinka tiek klasikiniams, tiek \u0161iuolaikiniams fasadams, GEMINI plyta suteikia pastatams tvirtumo ir tvarumo. Ji taip pat tinka krosni\u0173 ir d\u016bmtrauki\u0173 apdailai, taip pat saunoms ir stogo elementams.<\/p>\n","protected":false},"excerpt":{"rendered":"<p>Pilnavidur\u0117 plyta<\/p>\n","protected":false},"featured_media":272811,"template":"","meta":{"_acf_changed":false},"product_brand":[90],"product_cat":[462,464],"product_tag":[],"class_list":{"0":"post-268909","1":"product","2":"type-product","3":"status-publish","4":"has-post-thumbnail","6":"product_brand-lode","7":"product_cat-dumtraukiams-krosnims","8":"product_cat-visas-plytas","10":"first","11":"instock","12":"purchasable","13":"product-type-simple"},"acf":[],"_links":{"self":[{"href":"https:\/\/lode.lv\/lt\/wp-json\/wp\/v2\/product\/268909","targetHints":{"allow":["GET"]}}],"collection":[{"href":"https:\/\/lode.lv\/lt\/wp-json\/wp\/v2\/product"}],"about":[{"href":"https:\/\/lode.lv\/lt\/wp-json\/wp\/v2\/types\/product"}],"wp:featuredmedia":[{"embeddable":true,"href":"https:\/\/lode.lv\/lt\/wp-json\/wp\/v2\/media\/272811"}],"wp:attachment":[{"href":"https:\/\/lode.lv\/lt\/wp-json\/wp\/v2\/media?parent=268909"}],"wp:term":[{"taxonomy":"product_brand","embeddable":true,"href":"https:\/\/lode.lv\/lt\/wp-json\/wp\/v2\/product_brand?post=268909"},{"taxonomy":"product_cat","embeddable":true,"href":"https:\/\/lode.lv\/lt\/wp-json\/wp\/v2\/product_cat?post=268909"},{"taxonomy":"product_tag","embeddable":true,"href":"https:\/\/lode.lv\/lt\/wp-json\/wp\/v2\/product_tag?post=268909"}],"curies":[{"name":"wp","href":"https:\/\/api.w.org\/{rel}","templated":true}]}}