{"id":269403,"date":"2025-02-22T20:07:35","date_gmt":"2025-02-22T20:07:35","guid":{"rendered":"http:\/\/lode2025.local\/susisiekite-su\/"},"modified":"2025-06-20T17:17:07","modified_gmt":"2025-06-20T17:17:07","slug":"susisiekite-su","status":"publish","type":"page","link":"https:\/\/lode.lv\/lt\/susisiekite-su\/","title":{"rendered":"Kontaktai"},"content":{"rendered":"\n<div class=\"wp-block-cover\"><img decoding=\"async\" class=\"wp-block-cover__image-background\" alt=\"\" src=\"https:\/\/lode.lv\/wp-content\/uploads\/2025\/02\/contact-us.png\" data-object-fit=\"cover\"\/><span aria-hidden=\"true\" class=\"wp-block-cover__background has-background-dim-0 has-background-dim\"><\/span><div class=\"wp-block-cover__inner-container has-global-padding is-layout-constrained wp-container-core-cover-is-layout-ed92f1a2 wp-block-cover-is-layout-constrained\">\n<p class=\"has-text-align-center has-large-font-size\"><\/p>\n<\/div><\/div>\n\n\n\n<div class=\"wp-block-columns lode--mobile--switch-order-2 has-black-background-color has-background is-layout-flex wp-container-core-columns-is-layout-a5331a9e wp-block-columns-is-layout-flex\" style=\"padding-top:0;padding-right:0;padding-bottom:0;padding-left:0\">\n<div class=\"wp-block-column has-white-color has-black-background-color has-text-color has-background has-link-color wp-elements-83b71023b274663b8a61c80e116b36b5 is-layout-flow wp-block-column-is-layout-flow\" style=\"flex-basis:40%\">\n<figure class=\"wp-block-image size-full is-resized\"><img decoding=\"async\" src=\"https:\/\/lode.lv\/wp-content\/uploads\/lode-viln.jpg\" alt=\"\" style=\"width:auto;height:430px\"\/><\/figure>\n<\/div>\n\n\n\n<div class=\"wp-block-column is-vertically-aligned-center has-white-color has-black-background-color has-text-color has-background has-link-color wp-elements-d584515cf45d14b84a7bf6389f78534a is-layout-flow wp-block-column-is-layout-flow\">\n<div class=\"wp-block-group lode--container-right-margin lode--mobile--has-global-padding has-global-padding is-content-justification-left is-layout-constrained wp-container-core-group-is-layout-b89e6714 wp-block-group-is-layout-constrained\" style=\"padding-left:var(--wp--preset--spacing--50)\">\n<h2 class=\"wp-block-heading\" style=\"padding-top:var(--wp--preset--spacing--70);padding-bottom:var(--wp--preset--spacing--70)\">Susisiekite!<\/h2>\n\n\n\n<p class=\"lode--mobile--1-rem\">Domina LODE gaminami produktai?\u200b<br>Susisiekti ir suteiksime vis\u0105 Jus dominan\u010di\u0105 informacij\u0105, pakonsultuosime techniniais klausimas ar suderinsime laik\u0105 gamini\u0173 ap\u017ei\u016brai Vilniaus ofise.<\/p>\n\n\n\n<div class=\"wp-block-group lode--mobile--columns lode--mobile--1-rem is-nowrap is-layout-flex wp-container-core-group-is-layout-c8e4cb9f wp-block-group-is-layout-flex\" style=\"margin-top:var(--wp--preset--spacing--50);margin-bottom:var(--wp--preset--spacing--50)\">\n<div class=\"wp-block-group has-global-padding is-layout-constrained wp-block-group-is-layout-constrained\">\n<div class=\"wp-block-group is-nowrap is-layout-flex wp-container-core-group-is-layout-c1740a5a wp-block-group-is-layout-flex\">\n<figure class=\"wp-block-image size-full\"><img decoding=\"async\" src=\"https:\/\/lode.lv\/wp-content\/uploads\/2025\/02\/contact-1.svg\" alt=\"\"\/><\/figure>\n\n\n\n<p style=\"font-size:1.5rem\"><a href=\"tel:+37061559583\">+370 61559583<\/a><\/p>\n<\/div>\n<\/div>\n\n\n\n<div class=\"wp-block-group has-global-padding is-layout-constrained wp-block-group-is-layout-constrained\">\n<div class=\"wp-block-group is-nowrap is-layout-flex wp-container-core-group-is-layout-c1740a5a wp-block-group-is-layout-flex\">\n<figure class=\"wp-block-image size-full\"><img decoding=\"async\" src=\"https:\/\/lode.lv\/wp-content\/uploads\/2025\/02\/contact-1.svg\" alt=\"\"\/><\/figure>\n\n\n\n<p style=\"font-size:1.5rem\"><a href=\"mailto:info@lode.lv\">info@lode.lv<\/a><\/p>\n<\/div>\n<\/div>\n<\/div>\n<\/div>\n<\/div>\n<\/div>\n\n\n\n<div class=\"wp-block-group lode--mobile--has-global-padding has-white-background-color has-background has-global-padding is-layout-constrained wp-block-group-is-layout-constrained\" style=\"padding-top:var(--wp--preset--spacing--80);padding-bottom:var(--wp--preset--spacing--80)\">\n<div class=\"wp-block-columns alignwide is-layout-flex wp-container-core-columns-is-layout-590c5d15 wp-block-columns-is-layout-flex\" style=\"padding-top:var(--wp--preset--spacing--50);padding-bottom:var(--wp--preset--spacing--50)\">\n<div class=\"wp-block-column is-layout-flow wp-container-core-column-is-layout-5dafc681 wp-block-column-is-layout-flow\">\n<h4 class=\"wp-block-heading has-text-align-center\">Art\u016bras Visockas<\/h4>\n\n\n\n<p class=\"has-text-align-center\">Pardavim\u0173 vadovas Lietuvoje<br>Technin\u0117s konsultacijos<\/p>\n\n\n\n<p class=\"has-text-align-center\">&#8222;Lode&#8221;,<br>\u017dalgirio g. 94 Vilnius<\/p>\n\n\n\n<p class=\"has-text-align-center has-orange-color has-text-color has-link-color wp-elements-3c9101981cfdd7229e8d4926caa2bf4e\"><a href=\"tel:37061559583\"><strong>+370 61559583<\/strong><\/a><\/p>\n\n\n\n<p class=\"has-text-align-center\"><strong><a href=\"mailto:arturas.visockas@lode.lt\">arturas.visockas@lode.lt<\/a><\/strong><\/p>\n<\/div>\n\n\n\n<div class=\"wp-block-column is-layout-flow wp-container-core-column-is-layout-5dafc681 wp-block-column-is-layout-flow\">\n<h4 class=\"wp-block-heading has-text-align-center\">El\u012bna Stepi\u0146a<\/h4>\n\n\n\n<p class=\"has-text-align-center\">Trinkeli\u0173 pardavim\u0173 vadov\u0117<\/p>\n\n\n\n<p class=\"has-text-align-center\">Zemit\u0101na iela 9, <br>k-3\u2028R\u012bga, LV-1012<\/p>\n\n\n\n<p class=\"has-text-align-center has-orange-color has-text-color has-link-color wp-elements-bfbdd4e68bf5da9520974cd27043c8d4\"><a href=\"tel:37061559583\"><a href=\"tel:37125706266\"><strong>+371 25706266<\/strong><\/a><\/a><\/p>\n\n\n\n<p class=\"has-text-align-center\"><a href=\"mailto:arturas.visockas@lode.lt\"><a href=\"mailto:elina.stepina@lode.lv\"><strong>elina.stepina@lode.lv<\/strong><\/a><\/a><\/p>\n<\/div>\n<\/div>\n<\/div>\n\n\n\n<div class=\"wp-block-columns has-white-color has-dark-gray-background-color has-text-color has-background has-link-color wp-elements-90b2348140285cdc829cc3614fcfd8b1 is-layout-flex wp-container-core-columns-is-layout-a5331a9e wp-block-columns-is-layout-flex\" style=\"padding-top:0;padding-right:0;padding-bottom:0;padding-left:0\">\n<div class=\"wp-block-column is-vertically-aligned-center lode--container-left-margin lode--container-two-thirds lode--mobile--has-global-padding is-layout-flow wp-container-core-column-is-layout-5dafc681 wp-block-column-is-layout-flow\" style=\"flex-basis:60%\">\n<h2 class=\"wp-block-heading\" style=\"padding-top:var(--wp--preset--spacing--50);padding-bottom:var(--wp--preset--spacing--50)\">GAMYBOS VIET\u0172 ADRESAI<\/h2>\n\n\n\n<div class=\"wp-block-columns is-layout-flex wp-container-core-columns-is-layout-813013d9 wp-block-columns-is-layout-flex\" style=\"margin-top:var(--wp--preset--spacing--50);margin-bottom:var(--wp--preset--spacing--50)\">\n<div class=\"wp-block-column is-layout-flow wp-block-column-is-layout-flow\">\n<h4 class=\"wp-block-heading\">U\u017dSAKYMAI I\u0160 \u0100NES FABRIKO<\/h4>\n\n\n\n<p>Celtnieku iela 34,<br>\u0100ne, Cenu pag., Jelgavas novads, LV-3043<\/p>\n\n\n\n<p class=\"has-orange-color has-text-color has-link-color wp-elements-b3bb476c76656117f7c66ca1a95d6898\"><strong>+371 63055263<\/strong><\/p>\n\n\n\n<p><a href=\"mailto:ane@lode.lv\"><strong>ane@lode.lv<\/strong><\/a><\/p>\n<\/div>\n\n\n\n<div class=\"wp-block-column is-layout-flow wp-block-column-is-layout-flow\">\n<h4 class=\"wp-block-heading\">&#8222;LIEPA&#8221; GAMYKLOS U\u017dSAKYMAI<\/h4>\n\n\n\n<p>&#8222;Lode&#8221;, Liepas rajonas,<br>C\u0117si\u0173 apskritis, LV-4128<\/p>\n\n\n\n<p class=\"has-orange-color has-text-color has-link-color wp-elements-0cb3c3b17daf8547e8719dd83a6db5a3\"><a href=\"tel:37164122512\"><strong>+371 64122512<\/strong><\/a><\/p>\n\n\n\n<p><a href=\"mailto:liepa@lode.lv\"><strong>liepa@lode.lv<\/strong><\/a><\/p>\n<\/div>\n<\/div>\n<\/div>\n\n\n\n<div class=\"wp-block-column is-layout-flow wp-block-column-is-layout-flow\">\n<figure class=\"wp-block-image size-large lode--full-img-height-520\"><img loading=\"lazy\" decoding=\"async\" width=\"1200\" height=\"800\" src=\"https:\/\/lode.lv\/wp-content\/uploads\/lode28-1-1200x800.jpg\" alt=\"\" class=\"wp-image-268883\" style=\"object-fit:cover\" srcset=\"https:\/\/lode.lv\/wp-content\/uploads\/lode28-1-1200x800.jpg 1200w, https:\/\/lode.lv\/wp-content\/uploads\/lode28-1-600x400.jpg 600w, https:\/\/lode.lv\/wp-content\/uploads\/lode28-1-768x512.jpg 768w, https:\/\/lode.lv\/wp-content\/uploads\/lode28-1-1536x1024.jpg 1536w, https:\/\/lode.lv\/wp-content\/uploads\/lode28-1-2048x1365.jpg 2048w\" sizes=\"auto, (max-width: 1200px) 100vw, 1200px\" \/><\/figure>\n<\/div>\n<\/div>\n\n\n\n<div id=\"contactForm\" class=\"wp-block-group lode--mobile--has-global-padding has-white-background-color has-background has-global-padding is-layout-constrained wp-block-group-is-layout-constrained\" style=\"padding-top:var(--wp--preset--spacing--80);padding-bottom:var(--wp--preset--spacing--80)\">\n<h2 class=\"wp-block-heading has-text-align-center\">Pra\u0161ome \u012fvesti savo kontaktin\u0119 informacij\u0105,<br>mes su jumis susisieksime.<\/h2>\n\n\n\n<div class=\"wp-block-group lode--product-wp-form has-global-padding is-layout-constrained wp-block-group-is-layout-constrained\"><div class=\"wpforms-container wpforms-render-modern\" id=\"wpforms-276750\"><form id=\"wpforms-form-276750\" class=\"wpforms-validate wpforms-form wpforms-ajax-form\" data-formid=\"276750\" method=\"post\" enctype=\"multipart\/form-data\" action=\"\/lt\/wp-json\/wp\/v2\/pages\/269403\" data-token=\"45b3546a36ccd5e17dee9b4f09b8a8fc\" data-token-time=\"1776859329\"><noscript class=\"wpforms-error-noscript\">Nor\u0117dami u\u017epildyti \u0161i\u0105 form\u0105, nar\u0161ykl\u0117je \u012fjunkite &quot;JavaScript&quot;.<\/noscript><div id=\"wpforms-error-noscript\" style=\"display: none;\">Nor\u0117dami u\u017epildyti \u0161i\u0105 form\u0105, nar\u0161ykl\u0117je \u012fjunkite &quot;JavaScript&quot;.<\/div><div class=\"wpforms-field-container\">\t\t<div id=\"wpforms-276750-field_1-container\"\n\t\t\tclass=\"wpforms-field wpforms-field-text\"\n\t\t\tdata-field-type=\"text\"\n\t\t\tdata-field-id=\"1\"\n\t\t\t>\n\t\t\t<label class=\"wpforms-field-label\" for=\"wpforms-276750-field_1\" >J\u016bsu V\u0100RDS noteikumiem<\/label>\n\t\t\t<input type=\"text\" id=\"wpforms-276750-field_1\" class=\"wpforms-field-medium\" name=\"wpforms[fields][1]\" >\n\t\t<\/div>\n\t\t<div id=\"wpforms-276750-field_16-container\" class=\"wpforms-field wpforms-field-layout\" data-field-id=\"16\"><div class=\"wpforms-field-layout-columns wpforms-field-layout-preset-50-50\"><div class=\"wpforms-layout-column wpforms-layout-column-50\" ><div id=\"wpforms-276750-field_0-container\" class=\"wpforms-field wpforms-field-name\" data-field-id=\"0\"><label class=\"wpforms-field-label wpforms-label-hide\" for=\"wpforms-276750-field_0\" aria-hidden=\"false\">V\u0100RDS <span class=\"wpforms-required-label\" aria-hidden=\"true\">*<\/span><\/label><input type=\"text\" id=\"wpforms-276750-field_0\" class=\"wpforms-field-medium wpforms-field-required\" name=\"wpforms[fields][0]\" placeholder=\"VARDAS\" aria-errormessage=\"wpforms-276750-field_0-error\" required><\/div><div id=\"wpforms-276750-field_7-container\" class=\"wpforms-field wpforms-field-email\" data-field-id=\"7\"><label class=\"wpforms-field-label wpforms-label-hide\" for=\"wpforms-276750-field_7\" aria-hidden=\"false\">E-PASTS <span class=\"wpforms-required-label\" aria-hidden=\"true\">*<\/span><\/label><input type=\"email\" id=\"wpforms-276750-field_7\" class=\"wpforms-field-medium wpforms-field-required\" name=\"wpforms[fields][7]\" placeholder=\"E-PASTAI\" spellcheck=\"false\" aria-errormessage=\"wpforms-276750-field_7-error\" required><\/div><div id=\"wpforms-276750-field_8-container\" class=\"wpforms-field wpforms-field-phone\" data-field-id=\"8\"><label class=\"wpforms-field-label wpforms-label-hide\" for=\"wpforms-276750-field_8\" aria-hidden=\"false\">Telefons<\/label><input type=\"tel\" id=\"wpforms-276750-field_8\" class=\"wpforms-field-medium wpforms-smart-phone-field\" data-rule-smart-phone-field=\"true\" name=\"wpforms[fields][8]\" placeholder=\"TELEFONAS\" aria-label=\"Telefons\" aria-errormessage=\"wpforms-276750-field_8-error\" ><\/div><div id=\"wpforms-276750-field_2-container\" class=\"wpforms-field wpforms-field-textarea\" data-field-id=\"2\"><label class=\"wpforms-field-label wpforms-label-hide\" for=\"wpforms-276750-field_2\" aria-hidden=\"false\">J\u016bsu zi\u0146a<\/label><textarea id=\"wpforms-276750-field_2\" class=\"wpforms-field-medium\" name=\"wpforms[fields][2]\" placeholder=\"J\u016aS\u0172 PRANE\u0160IMAS\" aria-errormessage=\"wpforms-276750-field_2-error\" aria-describedby=\"wpforms-276750-field_2-description\" ><\/textarea><div id=\"wpforms-276750-field_2-description\" class=\"wpforms-field-description\">(apimtis, pristatymo poreikis, vieta, kita svarbi informacija, kuri pad\u0117s parengti tikslesn\u012f pasi\u016blym\u0105)\n<\/div><\/div><div id=\"wpforms-276750-field_14-container\" class=\"wpforms-field wpforms-field-url hidden\" data-field-id=\"14\"><label class=\"wpforms-field-label wpforms-label-hide\" for=\"wpforms-276750-field_14\" aria-hidden=\"false\">Website \/ URL<\/label><input type=\"url\" id=\"wpforms-276750-field_14\" class=\"wpforms-field-medium\" name=\"wpforms[fields][14]\" aria-errormessage=\"wpforms-276750-field_14-error\" ><\/div><\/div><div class=\"wpforms-layout-column wpforms-layout-column-50\" ><div id=\"wpforms-276750-field_18-container\" class=\"wpforms-field wpforms-field-payment-checkbox\" data-field-id=\"18\"><fieldset><legend class=\"wpforms-field-label wpforms-label-hide\" aria-hidden=\"false\">Marketinga pazi\u0146ojumi<\/legend><ul id=\"wpforms-276750-field_18\"><li class=\"choice-1\"><input type=\"checkbox\" id=\"wpforms-276750-field_18_1\" class=\"wpforms-payment-price\" data-amount=\"0.00\" name=\"wpforms[fields][18][]\" value=\"1\" aria-errormessage=\"wpforms-276750-field_18_1-error\"  ><label class=\"wpforms-field-label-inline\" for=\"wpforms-276750-field_18_1\">Nor\u0117\u010diau gauti rinkodaros prane\u0161imus \u012f savo el.<\/label><\/li><\/ul><\/fieldset><\/div><div id=\"wpforms-276750-field_17-container\" class=\"wpforms-field wpforms-field-payment-checkbox\" data-field-id=\"17\"><fieldset><legend class=\"wpforms-field-label wpforms-label-hide\" aria-hidden=\"false\">Piekri\u0161ana noteikumiem <span class=\"wpforms-required-label\" aria-hidden=\"true\">*<\/span><\/legend><ul id=\"wpforms-276750-field_17\" class=\"wpforms-field-required\"><li class=\"choice-1\"><input type=\"checkbox\" id=\"wpforms-276750-field_17_1\" class=\"wpforms-payment-price\" data-amount=\"0.00\" name=\"wpforms[fields][17][]\" value=\"1\" aria-errormessage=\"wpforms-276750-field_17_1-error\" required ><label class=\"wpforms-field-label-inline\" for=\"wpforms-276750-field_17_1\">Perskai\u010diau ir sutinku su <a href=\"https:\/\/lode.lv\/lt\/privatumo-politika\/\">privatumo politika<\/a> ir bendromis s\u0105lygomis.<\/label><\/li><\/ul><\/fieldset><\/div><\/div><\/div><\/div><script>\n\t\t\t\t( function() {\n\t\t\t\t\tconst style = document.createElement( 'style' );\n\t\t\t\t\tstyle.appendChild( document.createTextNode( '#wpforms-276750-field_1-container { position: absolute !important; overflow: hidden !important; display: inline !important; height: 1px !important; width: 1px !important; z-index: -1000 !important; padding: 0 !important; } #wpforms-276750-field_1-container input { visibility: hidden; } #wpforms-conversational-form-page #wpforms-276750-field_1-container label { counter-increment: none; }' ) );\n\t\t\t\t\tdocument.head.appendChild( style );\n\t\t\t\t\tdocument.currentScript?.remove();\n\t\t\t\t} )();\n\t\t\t<\/script><\/div><!-- .wpforms-field-container --><div class=\"wpforms-submit-container\" ><input type=\"hidden\" name=\"wpforms[id]\" value=\"276750\"><input type=\"hidden\" name=\"page_title\" value=\"\"><input type=\"hidden\" name=\"page_url\" value=\"https:\/\/lode.lv\/lt\/wp-json\/wp\/v2\/pages\/269403\"><input type=\"hidden\" name=\"url_referer\" value=\"\"><button type=\"submit\" name=\"wpforms[submit]\" id=\"wpforms-submit-276750\" class=\"wpforms-submit wp-block-button__link\" data-alt-text=\"SIUN\u010cIAMA...\" data-submit-text=\"SI\u0172STI\" aria-live=\"assertive\" value=\"wpforms-submit\">SI\u0172STI<\/button><img loading=\"lazy\" decoding=\"async\" src=\"https:\/\/lode.lv\/wp-content\/plugins\/wpforms\/assets\/images\/submit-spin.svg\" class=\"wpforms-submit-spinner\" style=\"display: none;\" width=\"26\" height=\"26\" alt=\"Loading\"><\/div><\/form><\/div>  <!-- .wpforms-container -->\n<\/div>\n\n\n\n<div class=\"wp-block-columns is-layout-flex wp-container-core-columns-is-layout-28f84493 wp-block-columns-is-layout-flex\">\n<div class=\"wp-block-column is-layout-flow wp-block-column-is-layout-flow\" style=\"flex-basis:50%\"><\/div>\n<\/div>\n<\/div>\n","protected":false},"excerpt":{"rendered":"<p>Susisiekite! Domina LODE gaminami produktai?\u200bSusisiekti ir suteiksime vis\u0105 Jus dominan\u010di\u0105 informacij\u0105, pakonsultuosime techniniais klausimas ar suderinsime laik\u0105 gamini\u0173 ap\u017ei\u016brai Vilniaus ofise. +370 61559583 info@lode.lv Art\u016bras Visockas Pardavim\u0173 vadovas LietuvojeTechnin\u0117s konsultacijos &#8222;Lode&#8221;,\u017dalgirio g. 94 Vilnius +370 61559583 arturas.visockas@lode.lt El\u012bna Stepi\u0146a Trinkeli\u0173 pardavim\u0173 vadov\u0117 Zemit\u0101na iela 9, k-3\u2028R\u012bga, LV-1012 +371 25706266 elina.stepina@lode.lv GAMYBOS VIET\u0172 ADRESAI U\u017dSAKYMAI I\u0160 [&hellip;]<\/p>\n","protected":false},"author":1,"featured_media":0,"parent":0,"menu_order":0,"comment_status":"closed","ping_status":"closed","template":"empty","meta":{"_acf_changed":false,"footnotes":""},"class_list":["post-269403","page","type-page","status-publish","hentry"],"acf":[],"_links":{"self":[{"href":"https:\/\/lode.lv\/lt\/wp-json\/wp\/v2\/pages\/269403","targetHints":{"allow":["GET"]}}],"collection":[{"href":"https:\/\/lode.lv\/lt\/wp-json\/wp\/v2\/pages"}],"about":[{"href":"https:\/\/lode.lv\/lt\/wp-json\/wp\/v2\/types\/page"}],"author":[{"embeddable":true,"href":"https:\/\/lode.lv\/lt\/wp-json\/wp\/v2\/users\/1"}],"replies":[{"embeddable":true,"href":"https:\/\/lode.lv\/lt\/wp-json\/wp\/v2\/comments?post=269403"}],"version-history":[{"count":2,"href":"https:\/\/lode.lv\/lt\/wp-json\/wp\/v2\/pages\/269403\/revisions"}],"predecessor-version":[{"id":278862,"href":"https:\/\/lode.lv\/lt\/wp-json\/wp\/v2\/pages\/269403\/revisions\/278862"}],"wp:attachment":[{"href":"https:\/\/lode.lv\/lt\/wp-json\/wp\/v2\/media?parent=269403"}],"curies":[{"name":"wp","href":"https:\/\/api.w.org\/{rel}","templated":true}]}}