{"id":269390,"date":"2025-03-09T12:24:51","date_gmt":"2025-03-09T12:24:51","guid":{"rendered":"http:\/\/lode2025.local\/privatumo-politika\/"},"modified":"2025-05-06T09:14:06","modified_gmt":"2025-05-06T09:14:06","slug":"privatumo-politika","status":"publish","type":"page","link":"https:\/\/lode.lv\/lt\/privatumo-politika\/","title":{"rendered":"Privatumo politikos nuostatos"},"content":{"rendered":"\n<div class=\"wp-block-group has-global-padding is-layout-constrained wp-container-core-group-is-layout-5a30f31b wp-block-group-is-layout-constrained\">\n<p>SIA \u201eLODE\u201c yra \u012fsipareigojusi saugoti fizini\u0173 asmen\u0173 \u2013 duomen\u0173 subjekt\u0173 \u2013 privatum\u0105 pagal 2016 m. baland\u017eio 27 d. Europos Parlamento ir Tarybos reglament\u0105 (ES) 2016\/679 d\u0117l fizini\u0173 asmen\u0173 apsaugos tvarkant asmens duomenis ir d\u0117l laisvo toki\u0173 duomen\u0173 jud\u0117jimo ir kuriuo panaikinama Direktyva 95\/46\/EB, taip pat laikydamasi kit\u0173 \u012fstatym\u0173 ir teis\u0117s akt\u0173, reglamentuojan\u010di\u0173 privatum\u0105 ir asmens duomen\u0173 tvarkym\u0105. <br\/>SIA \u201eLODE\u201c privatumo politika taikoma duomen\u0173 tvarkymui, nepriklausomai nuo to, kokiu formatu ir (arba) kokioje aplinkoje duomen\u0173 subjektas pateikia asmens duomenis (SIA \u201eLODE\u201c administruojamose interneto svetain\u0117se, popieriniu formatu ar elektroniniu b\u016bdu) ir kokiose sistemose ar kokiu popieriniu formatu juos tvarko SIA \u201eLODE\u201c.<\/p>\n\n\n\n<h2 class=\"wp-block-heading\">Asmens duomen\u0173 valdytojas<\/h2>\n\n\n\n<p>SIA \u201eLODE\u201c, reg. Nr. 50003032071, registruotas adresas: &#8222;Lode&#8221;, Liepas pagasts, C\u0113su novads, LV-4128. D\u0117l duomen\u0173 tvarkymo u\u017eklaus\u0173 susisiekite su mumis el. pa\u0161tu info@lode.lv<\/p>\n\n\n\n<h2 class=\"wp-block-heading\">Klient\u0173 asmens duomen\u0173 tvarkymo teisinis pagrindas<\/h2>\n\n\n\n<p>SIA &#8222;LODE&#8221;  tvarko duomen\u0173 subjekto asmens duomenis remdamasi \u0161iais tikslais:<\/p>\n\n\n\n<ul class=\"wp-block-list\">\n<li>komercinei veiklai vykdyti;<\/li>\n\n\n\n<li>produkt\u0173 pardavimui;<\/li>\n\n\n\n<li>\u012fvykdyti su duomen\u0173 subjektu sudaryt\u0105 sutart\u012f;<\/li>\n\n\n\n<li>teikti paslaugas duomen\u0173 subjektui;<\/li>\n\n\n\n<li>remiantis duomen\u0173 subjekto sutikimu;<\/li>\n\n\n\n<li>kitais teis\u0117tais tikslais ir (arba) interesais;<\/li>\n\n\n\n<li>SIA &#8222;LODE&#8221; nuosavyb\u0117s apsauga \u2014 siekiant apsaugoti SIA &#8222;LODE&#8221; nuosavyb\u0119, u\u017etikrinti asmen\u0173, \u012feinan\u010di\u0173 \u012f teritorij\u0105, saugum\u0105, u\u017ekirsti keli\u0105 galimiems teis\u0117s pa\u017eeidimams ir dokumentuoti bet kokius nusikalstamos veikos faktus, vykdomas vaizdo steb\u0117jimas. Vaizdo steb\u0117jimas \u012fgyvendinamas tiek SIA &#8222;LODE&#8221; gamybos \u012fmon\u0117se, tiek j\u0173 aplinkin\u0117se teritorijose. Vaizdo steb\u0117jimo duomenys saugomi ne ilgiau kaip 30 dien\u0173. Pasibaigus \u0161iam laikotarpiui, SIA &#8222;LODE&#8221; u\u017etikrina visi\u0161k\u0105 duomen\u0173 i\u0161trynim\u0105, jei anks\u010diau nebuvo gauta duomen\u0173 pra\u0161ym\u0173 arba nenustatyta joki\u0173 nusikalstam\u0173 veik\u0173 ar kit\u0173 saugumo pa\u017eeidim\u0173. Jei duomenys buvo anks\u010diau pra\u0161yti kompetenting\u0173 valstyb\u0117s institucij\u0173 arba nustatyti saugumo pa\u017eeidimai, duomenys bus saugomi tiek, kiek b\u016btina.<\/li>\n<\/ul>\n\n\n\n<p>SIA &#8222;LODE&#8221; teis\u0117ti interesai yra:<\/p>\n\n\n\n<ul class=\"wp-block-list\">\n<li>prie\u0161 sudarant sutart\u012f patvirtinti duomen\u0173 subjekto tapatyb\u0119;<\/li>\n\n\n\n<li>u\u017etikrinti sutartini\u0173 \u012fsipareigojim\u0173 vykdym\u0105;<\/li>\n\n\n\n<li>valdyti duomen\u0173 subjekto pirkimus, mok\u0117jimus ir u\u017esakymus;<\/li>\n\n\n\n<li>atitikimas privalomiems teis\u0117s akt\u0173 reikalavimams.<\/li>\n<\/ul>\n\n\n\n<h2 class=\"wp-block-heading\">Koki\u0105 informacij\u0105 apie duomen\u0173 subjekt\u0105 ir kaip tvarko SIA &#8222;LODE&#8221;?<\/h2>\n\n\n\n<ul class=\"wp-block-list\">\n<li>Identifikaciniai duomenys &#8211; vardas, pavard\u0117, asmens tapatyb\u0117s numeris, gimimo data;<\/li>\n\n\n\n<li>Kontaktin\u0117 informacija \u2014 gyvenamosios vietos adresas, pristatymo adresas, telefono numeris, el. pa\u0161to adresas;<\/li>\n\n\n\n<li>Finansiniai duomenys \u2014 banko s\u0105skaitos informacija;<\/li>\n\n\n\n<li>duomenys, kuriuos duomen\u0173 subjektas atskleid\u017eia arba perduoda SIA &#8222;LODE&#8221; (pvz., el. pa\u0161to adresas svetain\u0117je, kad gaut\u0173 atsakym\u0105; duomen\u0173 subjekto vaizdo \u012fra\u0161as SIA &#8222;LODE&#8221; gamybos cecho vaizdo steb\u0117jimo zonoje).<\/li>\n<\/ul>\n\n\n\n<p>\u0160i informacija yra svarbi siekiant u\u017etikrinti paslaugos kokyb\u0119 ir teis\u0117tus tikslus\/interesus. Asmenin\u0117 informacija nerenkama be duomen\u0173 subjekto sutikimo, i\u0161skyrus \u012fstatym\u0173 nustatytus atvejus, kai duomen\u0173 subjekto sutikimas n\u0117ra b\u016btinas. Duomen\u0173 subjekt\u0173 duomenys neperduodami u\u017e Europos S\u0105jungos ar Europos ekonomin\u0117s erdv\u0117s \u0161ali\u0173 rib\u0173.<\/p>\n\n\n\n<p>SIA &#8222;LODE&#8221; neperduoda duomen\u0173 subjekto asmenin\u0117s informacijos tretiesiems asmenims, i\u0161skyrus:<\/p>\n\n\n\n<ul class=\"wp-block-list\">\n<li>jei duomenis reikia perduoti tre\u010diajai \u0161aliai pagal sutarties s\u0105lygas (pvz., preki\u0173 pristatymas);<\/li>\n\n\n\n<li>kai duomen\u0173 subjektas dav\u0117 ai\u0161k\u0173 ir nedviprasmi\u0161k\u0105 sutikim\u0105;<\/li>\n\n\n\n<li>valstyb\u0117s institucijoms pagal pagr\u012fst\u0105 pra\u0161ym\u0105 atsi\u017evelgiant \u012f norminiuose aktuose nustatyt\u0105 tvark\u0105 ir mast\u0105 (pvz., vaizdo steb\u0117jimo duomenys policijai);<\/li>\n\n\n\n<li>teis\u0117s aktuose numatytais atvejais, kai reikia apsaugoti teis\u0117tus SIA LODE tikslus ir interesus.<\/li>\n<\/ul>\n\n\n\n<p>Duomen\u0173 subjekt\u0173 asmens duomen\u0173 informacija saugoma SIA &#8222;LODE&#8221; duomen\u0173 baz\u0117se ir serveriuose, kurie yra saugioje infrastrukt\u016broje ir kuriuose pateikiama specifin\u0117 administracin\u0117 ir duomen\u0173 srauto informacija apie duomen\u0173 subjekt\u0105.<\/p>\n\n\n\n<h2 class=\"wp-block-heading\">Kokius metodus naudoja SIA \u201eLODE\u201c asmens duomen\u0173 rinkimui ir tvarkymui?<\/h2>\n\n\n\n<p>SIA &#8222;LODE&#8221; gali gauti asmens duomenis, kuriuos duomen\u0173 subjektas nurodo arba pateikia naudodamasis SIA &#8222;LODE&#8221; paslaugomis, \u012fskaitant SIA &#8222;LODE&#8221; tinklalap\u012f.<\/p>\n\n\n\n<p>SIA \u201eLODE\u201c gali pasitelkti paslaug\u0173 teik\u0117jus, kad u\u017etikrint\u0173 organizacin\u0119 ir technin\u0119 pagalb\u0105 tvarkant duomen\u0173 subjekto informacij\u0105.<\/p>\n\n\n\n<p>SIA &#8222;LODE&#8221; savo svetain\u0117je naudoja slapukus. Slapukai yra nedideli teksto failai, kuriuos j\u016bs\u0173 nar\u0161ykl\u0117 (pvz., \u201eGoogle Chrome\u201c, \u201eMicrosoft Edge\u201c ir kitos) i\u0161saugo j\u016bs\u0173 \u012frenginyje (pvz., kompiuteryje, mobiliajame telefone, plan\u0161et\u0117je) nar\u0161ymo metu. Jie pla\u010diai naudojami, kad svetain\u0117s veikt\u0173 arba veikt\u0173 efektyviau, o kartais ir norint gauti statistin\u0119 informacij\u0105 apie duomen\u0173 subjekt\u0105 ir jo veikl\u0105 svetain\u0117je.<\/p>\n\n\n\n<p>Slapukai i\u0161 esm\u0117s veikia kaip interneto naudotojo identifikavimo kortel\u0117, teikianti svetainei informacij\u0105 kiekvieno v\u0117lesnio apsilankymo metu. Jie atlieka \u012fvairias funkcijas, \u012fskaitant ankstesni\u0173 paie\u0161k\u0173, kalbos ir \u0161rifto dyd\u017eio parink\u010di\u0173 saugojim\u0105, ir leid\u017eia lengvai nar\u0161yti svetain\u0117je, \u012fsimenant naudotojo \u012fpro\u010dius ir pageidavimus, taip pagerindami bendr\u0105 svetain\u0117s naudojimo patirt\u012f.<\/p>\n\n\n\n<p>SIA &#8222;LODE&#8221; pri\u017ei\u016brimoje svetain\u0117je slapukai naudojami vartotoj\u0173 patogumui, pilnam funkcionalumui ir statistikos tikslais. Duomen\u0173 subjektas visada gali atsisakyti slapuk\u0173 saugojimo savo kompiuteryje pakeisdamas atitinkamus nustatymus interneto nar\u0161ykl\u0117je. Ta\u010diau tokiu atveju duomen\u0173 subjektas negal\u0117s visapusi\u0161kai naudotis visomis svetain\u0117s funkcijomis. Jei duomen\u0173 subjektas lankosi SIA &#8222;LODE&#8221; svetain\u0117je be joki\u0173 apribojim\u0173 d\u0117l slapuk\u0173 saugojimo arba nei\u0161trintais slapukais, laikoma, kad duomen\u0173 subjektas sutinka su slapuk\u0173 naudojimu.<\/p>\n\n\n\n<p>I\u0161samesn\u0119 informacij\u0105 apie SIA &#8222;LODE&#8221; naudojamus slapukus galite rasti SIA &#8222;LODE&#8221; slapuk\u0173 politikoje adresu www.lode.lv\/sikdatnu-politika\/.<\/p>\n\n\n\n<h2 class=\"wp-block-heading\">Asmens duomen\u0173 subjekt\u0173 duomen\u0173 saugojimo laikotarpis<\/h2>\n\n\n\n<p>SIA &#8222;LODE&#8221; tvarko duomen\u0173 subjekto asmens duomenis tol, kol tenkinamas bent vienas i\u0161 \u0161i\u0173 kriterij\u0173:<\/p>\n\n\n\n<ul class=\"wp-block-list\">\n<li>duomen\u0173 subjektas naudojasi paslauga arba \u012fsigyja produkt\u0105;<\/li>\n\n\n\n<li>pagal SIA &#8222;LODE&#8221; teis\u0117t\u0173 tiksl\u0173\/interes\u0173 \u012fgyvendinim\u0105 ir apsaug\u0105;<\/li>\n\n\n\n<li>duomen\u0173 subjekto sutikimas asmens duomen\u0173 tvarkymui nebuvo at\u0161auktas;<\/li>\n\n\n\n<li>asmens duomen\u0173 saugojimo laikotarpis nustatomas pagal SIA LODE, Latvijos Respublikos arba Europos S\u0105jungos reglamentus.<\/li>\n<\/ul>\n\n\n\n<h2 class=\"wp-block-heading\">Kokios yra apsaugos s\u0105lygos?<\/h2>\n\n\n\n<p>SIA &#8222;LODE&#8221; stengiasi kiek \u012fmanoma u\u017etikrinti, nuolat per\u017ei\u016br\u0117ti ir tobulinti saugumo priemones, skirtas duomen\u0173 subjekt\u0173 asmens duomenims apsaugoti nuo neteis\u0117tos prieigos, atsitiktinio praradimo, atskleidimo ar sunaikinimo. SIA &#8222;LODE&#8221; taiko \u0161iuolaikines technologijas, techninius ir organizacinius reikalavimus, tokius kaip ugniasien\u0117s, \u012fsilau\u017eimo aptikimo sistemos, analiz\u0117s programin\u0117 \u012franga ir duomen\u0173 \u0161ifravimas.<br\/>SIA &#8222;LODE&#8221; kruop\u0161\u010diai vertina visus paslaug\u0173 teik\u0117jus, kurie SIA &#8222;LODE&#8221; vardu tvarko duomen\u0173 subjekt\u0173 asmens duomenis, ir vertina, ar partneriai (asmens duomen\u0173 tvarkytojai) \u012fgyvendina tinkamas saugumo priemones, kad u\u017etikrint\u0173 duomen\u0173 tvarkym\u0105 pagal SIA &#8222;LODE&#8221; instrukcijas ir normini\u0173 teis\u0117s akt\u0173 reikalavimus.<br\/>SIA &#8222;LODE&#8221; neatsako u\u017e bet koki\u0105 neteis\u0117t\u0105 prieig\u0105 prie asmens duomen\u0173 ar j\u0173 praradim\u0105, kai tai nepriklauso nuo SIA &#8222;LODE&#8221; kontrol\u0117s, pavyzd\u017eiui, kai duomen\u0173 subjektas atskleid\u017eia savo asmens duomenis tre\u010diosioms \u0161alims.<br\/>SIA &#8222;LODE&#8221; prane\u0161a apie informacijos ar duomen\u0173 tvarkymo saugumo incidentus be nepagr\u012fsto delsimo, per 72 valandas po to, kai su\u017eino apie pa\u017eeidim\u0105, vald\u017eios institucijoms ir paveiktiems asmenims, kaip reikalaujama Latvijos Respublikos ir (arba) Europos S\u0105jungos teis\u0117s aktuose, nebent pagal atskaitomyb\u0117s princip\u0105 SIA &#8222;LODE&#8221; gali ai\u0161kiai parodyti, kad asmens duomen\u0173 pa\u017eeidimas grei\u010diausiai nekelia pavojaus fizini\u0173 asmen\u0173 teis\u0117ms ir laisv\u0117ms.<br\/>SIA &#8222;LODE&#8221; u\u017etikrina, kad b\u016bt\u0173 laikomasi asmens duomen\u0173 tvarkymo ir apsaugos reikalavim\u0173 pagal Latvijos Respublikos ir (arba) Europos S\u0105jungos teis\u0117s aktus.<\/p>\n\n\n\n<h2 class=\"wp-block-heading\">Kokias teises turi duomen\u0173 subjektas?<\/h2>\n\n\n\n<ul class=\"wp-block-list\">\n<li>Susisiekite su SIA &#8222;LODE&#8221;, kad gautum\u0117te SIA &#8222;LODE&#8221; turim\u0173 asmens duomen\u0173 kopij\u0105.<\/li>\n\n\n\n<li>Redaguoti visus asmens duomenis, kuriuos SIA &#8222;LODE&#8221; turi apie jus.<\/li>\n\n\n\n<li>Gauti informacij\u0105 apie tuos fizinius ar juridinius asmenis, kurie per nustatyt\u0105 laikotarp\u012f gavo informacij\u0105 apie duomen\u0173 subjekt\u0105 i\u0161 SIA \u201eLODE\u201c. SIA \u201eLODE\u201c neteiks duomen\u0173 subjektui informacijos apie valstyb\u0117s institucijas (tokias kaip baud\u017eiamojo proceso organizatoriai, operatyvin\u0117s veiklos subjektai ar kitos organizacijos) ir kitais atvejais, kai \u012fstatymai draud\u017eia tokios informacijos atskleidim\u0105.<\/li>\n\n\n\n<li>Reikalauti i\u0161trinti arba apriboti asmens duomen\u0173 tvarkym\u0105, kai j\u0173 tvarkymas neb\u0117ra reikalingas tiems tikslams, kuriems jie buvo surinkti ir tvarkomi (&#8222;teis\u0117 b\u016bti pamir\u0161tam&#8221;), ir kai j\u0173 i\u0161trynim\u0105 ar apribojim\u0105 leid\u017eia Latvijos Respublikos ir (arba) Europos S\u0105jungos \u012fstatymai ir kiti teis\u0117s aktai.<\/li>\n\n\n\n<li>Duomen\u0173 subjektas turi teis\u0119 \u012f savo asmenini\u0173 duomen\u0173 perkeliamum\u0105.<\/li>\n<\/ul>\n\n\n\n<p>Galite kreiptis \u012f SIA &#8222;LODE&#8221; arba prie\u017ei\u016bros institucij\u0105 d\u0117l asmens duomen\u0173 tvarkymo (Valstybin\u0117 duomen\u0173 inspekcija, www.dvi.gov.lv), jei turite klausim\u0173 d\u0117l asmens duomen\u0173 tvarkymo. Bet kokie klausimai, susij\u0119 su informacijos saugumo sistema ir informacijos\/duomen\u0173 tvarkymo saugumu, kurie n\u0117ra apra\u0161yti \u0161ioje politikoje, tur\u0117t\u0173 b\u016bti nukreipiami \u012f SIA &#8222;LODE&#8221; (67378020, el. pa\u0161tas: info@lode.lv).<\/p>\n<\/div>\n","protected":false},"excerpt":{"rendered":"<p>SIA \u201eLODE\u201c yra \u012fsipareigojusi saugoti fizini\u0173 asmen\u0173 \u2013 duomen\u0173 subjekt\u0173 \u2013 privatum\u0105 pagal 2016 m. baland\u017eio 27 d. Europos Parlamento ir Tarybos reglament\u0105 (ES) 2016\/679 d\u0117l fizini\u0173 asmen\u0173 apsaugos tvarkant asmens duomenis ir d\u0117l laisvo toki\u0173 duomen\u0173 jud\u0117jimo ir kuriuo panaikinama Direktyva 95\/46\/EB, taip pat laikydamasi kit\u0173 \u012fstatym\u0173 ir teis\u0117s akt\u0173, reglamentuojan\u010di\u0173 privatum\u0105 ir asmens [&hellip;]<\/p>\n","protected":false},"author":1,"featured_media":269951,"parent":0,"menu_order":0,"comment_status":"closed","ping_status":"closed","template":"single-post","meta":{"_acf_changed":false,"footnotes":""},"class_list":["post-269390","page","type-page","status-publish","has-post-thumbnail","hentry"],"acf":[],"_links":{"self":[{"href":"https:\/\/lode.lv\/lt\/wp-json\/wp\/v2\/pages\/269390","targetHints":{"allow":["GET"]}}],"collection":[{"href":"https:\/\/lode.lv\/lt\/wp-json\/wp\/v2\/pages"}],"about":[{"href":"https:\/\/lode.lv\/lt\/wp-json\/wp\/v2\/types\/page"}],"author":[{"embeddable":true,"href":"https:\/\/lode.lv\/lt\/wp-json\/wp\/v2\/users\/1"}],"replies":[{"embeddable":true,"href":"https:\/\/lode.lv\/lt\/wp-json\/wp\/v2\/comments?post=269390"}],"version-history":[{"count":0,"href":"https:\/\/lode.lv\/lt\/wp-json\/wp\/v2\/pages\/269390\/revisions"}],"wp:featuredmedia":[{"embeddable":true,"href":"https:\/\/lode.lv\/lt\/wp-json\/wp\/v2\/media\/269951"}],"wp:attachment":[{"href":"https:\/\/lode.lv\/lt\/wp-json\/wp\/v2\/media?parent=269390"}],"curies":[{"name":"wp","href":"https:\/\/api.w.org\/{rel}","templated":true}]}}