{"id":280481,"date":"2026-04-26T12:13:39","date_gmt":"2026-04-26T12:13:39","guid":{"rendered":"https:\/\/lode.lv\/?post_type=product&#038;p=280481"},"modified":"2026-04-27T12:53:33","modified_gmt":"2026-04-27T12:53:33","slug":"alfa-200x100","status":"publish","type":"product","link":"https:\/\/lode.lv\/fi\/shop\/brugesanai-fi\/klinkkeri-paallystys\/alfa-200x100\/","title":{"rendered":"Alfa 200&#215;100"},"content":{"rendered":"<p>Punaiset p\u00e4\u00e4llystekivet, joissa on l\u00e4mmin ja luonnollinen saven s\u00e4vy, luovat harmonisen ilmeen ymp\u00e4rist\u00f6\u00f6ns\u00e4. Soveltuvat t\u00e4ydellisesti puutarhapoluille, sis\u00e4pihoille ja terasseille. Suuri kest\u00e4vyys ja minimaalinen veden imeytyminen takaavat pitk\u00e4kestoisen laadun ja s\u00e4ilyv\u00e4n v\u00e4rin.<\/p>\n","protected":false},"excerpt":{"rendered":"<p>Klinkkerilaatat<\/p>\n","protected":false},"featured_media":280494,"template":"","meta":{"_acf_changed":false},"product_brand":[90],"product_cat":[521,1028,1060],"product_tag":[],"class_list":{"0":"post-280481","1":"product","2":"type-product","3":"status-publish","4":"has-post-thumbnail","6":"product_brand-lode","7":"product_cat-klinkkeri-paallystys","8":"product_cat-brugesanai-fi","9":"product_cat-rudens2025","11":"first","12":"instock","13":"product-type-variable"},"acf":[],"_links":{"self":[{"href":"https:\/\/lode.lv\/fi\/wp-json\/wp\/v2\/product\/280481","targetHints":{"allow":["GET"]}}],"collection":[{"href":"https:\/\/lode.lv\/fi\/wp-json\/wp\/v2\/product"}],"about":[{"href":"https:\/\/lode.lv\/fi\/wp-json\/wp\/v2\/types\/product"}],"wp:featuredmedia":[{"embeddable":true,"href":"https:\/\/lode.lv\/fi\/wp-json\/wp\/v2\/media\/280494"}],"wp:attachment":[{"href":"https:\/\/lode.lv\/fi\/wp-json\/wp\/v2\/media?parent=280481"}],"wp:term":[{"taxonomy":"product_brand","embeddable":true,"href":"https:\/\/lode.lv\/fi\/wp-json\/wp\/v2\/product_brand?post=280481"},{"taxonomy":"product_cat","embeddable":true,"href":"https:\/\/lode.lv\/fi\/wp-json\/wp\/v2\/product_cat?post=280481"},{"taxonomy":"product_tag","embeddable":true,"href":"https:\/\/lode.lv\/fi\/wp-json\/wp\/v2\/product_tag?post=280481"}],"curies":[{"name":"wp","href":"https:\/\/api.w.org\/{rel}","templated":true}]}}