{"id":275699,"date":"2025-04-17T04:07:27","date_gmt":"2025-04-17T04:07:27","guid":{"rendered":"https:\/\/lode.lv\/?post_type=product&#038;p=275699"},"modified":"2025-05-12T17:18:48","modified_gmt":"2025-05-12T17:18:48","slug":"tybet-copy","status":"publish","type":"product","link":"https:\/\/lode.lv\/fi\/shop\/julkisivun-osalta\/julkisivun-tiililaatat\/tybet-copy\/","title":{"rendered":"TYBET (naarmutettu)"},"content":{"rendered":"<p>Tiililaatta, jossa yhdistyv\u00e4t pehme\u00e4, rikas, tummanharmaa s\u00e4vy ja naarmutettu rakenne. Pintareliefi luo luonnollista valon leikki\u00e4, mik\u00e4 lis\u00e4\u00e4 julkisivun dynaamisuutta. TYBET sopii t\u00e4ydellisesti moderniin ja teolliseen arkkitehtuuriin ja antaa julkisivulle kest\u00e4v\u00e4n ja esteettisesti miellytt\u00e4v\u00e4n pinnan.  <\/p>\n","protected":false},"excerpt":{"rendered":"<p>Julkisivulaatta<\/p>\n","protected":false},"featured_media":273226,"template":"","meta":{"_acf_changed":false},"product_brand":[90],"product_cat":[548,550],"product_tag":[],"class_list":{"0":"post-275699","1":"product","2":"type-product","3":"status-publish","4":"has-post-thumbnail","6":"product_brand-lode","7":"product_cat-julkisivun-osalta","8":"product_cat-julkisivun-tiililaatat","10":"first","11":"instock","12":"purchasable","13":"product-type-simple"},"acf":[],"_links":{"self":[{"href":"https:\/\/lode.lv\/fi\/wp-json\/wp\/v2\/product\/275699","targetHints":{"allow":["GET"]}}],"collection":[{"href":"https:\/\/lode.lv\/fi\/wp-json\/wp\/v2\/product"}],"about":[{"href":"https:\/\/lode.lv\/fi\/wp-json\/wp\/v2\/types\/product"}],"wp:featuredmedia":[{"embeddable":true,"href":"https:\/\/lode.lv\/fi\/wp-json\/wp\/v2\/media\/273226"}],"wp:attachment":[{"href":"https:\/\/lode.lv\/fi\/wp-json\/wp\/v2\/media?parent=275699"}],"wp:term":[{"taxonomy":"product_brand","embeddable":true,"href":"https:\/\/lode.lv\/fi\/wp-json\/wp\/v2\/product_brand?post=275699"},{"taxonomy":"product_cat","embeddable":true,"href":"https:\/\/lode.lv\/fi\/wp-json\/wp\/v2\/product_cat?post=275699"},{"taxonomy":"product_tag","embeddable":true,"href":"https:\/\/lode.lv\/fi\/wp-json\/wp\/v2\/product_tag?post=275699"}],"curies":[{"name":"wp","href":"https:\/\/api.w.org\/{rel}","templated":true}]}}