{"id":275694,"date":"2025-04-17T03:57:03","date_gmt":"2025-04-17T03:57:03","guid":{"rendered":"https:\/\/lode.lv\/?post_type=product&#038;p=275694"},"modified":"2025-05-12T17:18:48","modified_gmt":"2025-05-12T17:18:48","slug":"sirius-copy","status":"publish","type":"product","link":"https:\/\/lode.lv\/fi\/shop\/julkisivun-osalta\/julkisivun-tiililaatat\/kulman-viimeistely-tiililaatat\/sirius-copy\/","title":{"rendered":"Sirius"},"content":{"rendered":"<p>Tummanharmaa s\u00e4vy ja mattapintainen viimeistely luovat modernin, minimalistisen tunnelman, joka sopii erityisen hyvin teolliseen ja moderniin arkkitehtuuriin. SYRIUSZ-tiililaatta ei ole vain visuaalisesti houkutteleva, vaan my\u00f6s s\u00e4\u00e4nkest\u00e4v\u00e4, joten sen laatu s\u00e4ilyy vuosia.<\/p>\n","protected":false},"excerpt":{"rendered":"<p>Julkisivun kulmatiililaatta<\/p>\n","protected":false},"featured_media":272918,"template":"","meta":{"_acf_changed":false},"product_brand":[90],"product_cat":[548,550,551],"product_tag":[],"class_list":{"0":"post-275694","1":"product","2":"type-product","3":"status-publish","4":"has-post-thumbnail","6":"product_brand-lode","7":"product_cat-julkisivun-osalta","8":"product_cat-julkisivun-tiililaatat","9":"product_cat-kulman-viimeistely-tiililaatat","11":"first","12":"instock","13":"purchasable","14":"product-type-simple"},"acf":[],"_links":{"self":[{"href":"https:\/\/lode.lv\/fi\/wp-json\/wp\/v2\/product\/275694","targetHints":{"allow":["GET"]}}],"collection":[{"href":"https:\/\/lode.lv\/fi\/wp-json\/wp\/v2\/product"}],"about":[{"href":"https:\/\/lode.lv\/fi\/wp-json\/wp\/v2\/types\/product"}],"wp:featuredmedia":[{"embeddable":true,"href":"https:\/\/lode.lv\/fi\/wp-json\/wp\/v2\/media\/272918"}],"wp:attachment":[{"href":"https:\/\/lode.lv\/fi\/wp-json\/wp\/v2\/media?parent=275694"}],"wp:term":[{"taxonomy":"product_brand","embeddable":true,"href":"https:\/\/lode.lv\/fi\/wp-json\/wp\/v2\/product_brand?post=275694"},{"taxonomy":"product_cat","embeddable":true,"href":"https:\/\/lode.lv\/fi\/wp-json\/wp\/v2\/product_cat?post=275694"},{"taxonomy":"product_tag","embeddable":true,"href":"https:\/\/lode.lv\/fi\/wp-json\/wp\/v2\/product_tag?post=275694"}],"curies":[{"name":"wp","href":"https:\/\/api.w.org\/{rel}","templated":true}]}}