{"id":275689,"date":"2025-04-17T03:49:40","date_gmt":"2025-04-17T03:49:40","guid":{"rendered":"https:\/\/lode.lv\/?post_type=product&#038;p=275689"},"modified":"2025-05-12T17:18:48","modified_gmt":"2025-05-12T17:18:48","slug":"saturnus-copy","status":"publish","type":"product","link":"https:\/\/lode.lv\/fi\/shop\/julkisivun-osalta\/julkisivun-tiililaatat\/kulman-viimeistely-tiililaatat\/saturnus-copy\/","title":{"rendered":"Saturn"},"content":{"rendered":"<p>SATURN-kulmalaatat t\u00e4ydent\u00e4v\u00e4t SATURN-julkisivulaattoja ja takaavat kulman tasaisen ja tarkan viimeistelyn. Tummanharmaa s\u00e4vy ja sile\u00e4 pinta antavat julkisivulle rakenteisen ja minimalistisen ilmeen. Sile\u00e4n pintansa ja korkean kest\u00e4vyytens\u00e4 ansiosta tiililaatta antaa julkisivulle pitk\u00e4ik\u00e4isyytt\u00e4 ja erottuvan arkkitehtonisen tyylin.  <\/p>\n","protected":false},"excerpt":{"rendered":"<p>Julkisivun kulmatiililaatta<\/p>\n","protected":false},"featured_media":273138,"template":"","meta":{"_acf_changed":false},"product_brand":[90],"product_cat":[548,550,551],"product_tag":[],"class_list":{"0":"post-275689","1":"product","2":"type-product","3":"status-publish","4":"has-post-thumbnail","6":"product_brand-lode","7":"product_cat-julkisivun-osalta","8":"product_cat-julkisivun-tiililaatat","9":"product_cat-kulman-viimeistely-tiililaatat","11":"first","12":"instock","13":"purchasable","14":"product-type-simple"},"acf":[],"_links":{"self":[{"href":"https:\/\/lode.lv\/fi\/wp-json\/wp\/v2\/product\/275689","targetHints":{"allow":["GET"]}}],"collection":[{"href":"https:\/\/lode.lv\/fi\/wp-json\/wp\/v2\/product"}],"about":[{"href":"https:\/\/lode.lv\/fi\/wp-json\/wp\/v2\/types\/product"}],"wp:featuredmedia":[{"embeddable":true,"href":"https:\/\/lode.lv\/fi\/wp-json\/wp\/v2\/media\/273138"}],"wp:attachment":[{"href":"https:\/\/lode.lv\/fi\/wp-json\/wp\/v2\/media?parent=275689"}],"wp:term":[{"taxonomy":"product_brand","embeddable":true,"href":"https:\/\/lode.lv\/fi\/wp-json\/wp\/v2\/product_brand?post=275689"},{"taxonomy":"product_cat","embeddable":true,"href":"https:\/\/lode.lv\/fi\/wp-json\/wp\/v2\/product_cat?post=275689"},{"taxonomy":"product_tag","embeddable":true,"href":"https:\/\/lode.lv\/fi\/wp-json\/wp\/v2\/product_tag?post=275689"}],"curies":[{"name":"wp","href":"https:\/\/api.w.org\/{rel}","templated":true}]}}