{"id":275684,"date":"2025-04-17T03:46:33","date_gmt":"2025-04-17T03:46:33","guid":{"rendered":"https:\/\/lode.lv\/?post_type=product&#038;p=275684"},"modified":"2025-05-12T17:18:49","modified_gmt":"2025-05-12T17:18:49","slug":"classic-copy","status":"publish","type":"product","link":"https:\/\/lode.lv\/fi\/shop\/julkisivun-osalta\/julkisivun-tiililaatat\/classic-copy\/","title":{"rendered":"Rustic"},"content":{"rendered":"<p>RUSTIKA tarjoaa dramaattisia punaisen ja tummanruskean s\u00e4vyj\u00e4. Sen vankka, naarmutettu pinta antaa sein\u00e4lle omaleimaisen rakenteen ja luo patinoituneen vaikutelman, joka tuo mieleen ikivanhat rakennukset ja aikaa kest\u00e4v\u00e4t arvot. N\u00e4m\u00e4 tiililaatat sopivat julkisivuihin ja sis\u00e4tiloihin, joissa tarvitaan sek\u00e4 kest\u00e4v\u00e4\u00e4 ett\u00e4 visuaalisesti rikasta julkisivua.  <\/p>\n","protected":false},"excerpt":{"rendered":"<p>Julkisivulaatta<\/p>\n","protected":false},"featured_media":275634,"template":"","meta":{"_acf_changed":false},"product_brand":[103],"product_cat":[548,550],"product_tag":[],"class_list":{"0":"post-275684","1":"product","2":"type-product","3":"status-publish","4":"has-post-thumbnail","6":"product_brand-patoka","7":"product_cat-julkisivun-osalta","8":"product_cat-julkisivun-tiililaatat","10":"first","11":"instock","12":"purchasable","13":"product-type-simple"},"acf":[],"_links":{"self":[{"href":"https:\/\/lode.lv\/fi\/wp-json\/wp\/v2\/product\/275684","targetHints":{"allow":["GET"]}}],"collection":[{"href":"https:\/\/lode.lv\/fi\/wp-json\/wp\/v2\/product"}],"about":[{"href":"https:\/\/lode.lv\/fi\/wp-json\/wp\/v2\/types\/product"}],"wp:featuredmedia":[{"embeddable":true,"href":"https:\/\/lode.lv\/fi\/wp-json\/wp\/v2\/media\/275634"}],"wp:attachment":[{"href":"https:\/\/lode.lv\/fi\/wp-json\/wp\/v2\/media?parent=275684"}],"wp:term":[{"taxonomy":"product_brand","embeddable":true,"href":"https:\/\/lode.lv\/fi\/wp-json\/wp\/v2\/product_brand?post=275684"},{"taxonomy":"product_cat","embeddable":true,"href":"https:\/\/lode.lv\/fi\/wp-json\/wp\/v2\/product_cat?post=275684"},{"taxonomy":"product_tag","embeddable":true,"href":"https:\/\/lode.lv\/fi\/wp-json\/wp\/v2\/product_tag?post=275684"}],"curies":[{"name":"wp","href":"https:\/\/api.w.org\/{rel}","templated":true}]}}