{"id":275679,"date":"2025-04-17T03:31:39","date_gmt":"2025-04-17T03:31:39","guid":{"rendered":"https:\/\/lode.lv\/?post_type=product&#038;p=275679"},"modified":"2025-05-12T17:18:49","modified_gmt":"2025-05-12T17:18:49","slug":"dzintra-copy","status":"publish","type":"product","link":"https:\/\/lode.lv\/fi\/shop\/julkisivun-osalta\/julkisivun-tiililaatat\/kulman-viimeistely-tiililaatat\/dzintra-copy\/","title":{"rendered":"Dzintra"},"content":{"rendered":"<p>Kulmatiililaatta, jossa on l\u00e4mmin, tumman keltainen s\u00e4vy ja luonnollinen tekstuuri. Tarjoaa esteettisesti miellytt\u00e4v\u00e4n siirtym\u00e4n julkisivun kulmiin s\u00e4ilytt\u00e4en julkisivun harmonian. Tuotteen luonnollinen pinta antaa rakennukselle yksil\u00f6llisyytt\u00e4 ja tekee siit\u00e4 visuaalisesti rikkaan ja l\u00e4mpim\u00e4n.  <\/p>\n","protected":false},"excerpt":{"rendered":"<p>Kulmatiililaatta julkisivuihin<\/p>\n","protected":false},"featured_media":276834,"template":"","meta":{"_acf_changed":false},"product_brand":[90],"product_cat":[548,550,551],"product_tag":[],"class_list":{"0":"post-275679","1":"product","2":"type-product","3":"status-publish","4":"has-post-thumbnail","6":"product_brand-lode","7":"product_cat-julkisivun-osalta","8":"product_cat-julkisivun-tiililaatat","9":"product_cat-kulman-viimeistely-tiililaatat","11":"first","12":"instock","13":"purchasable","14":"product-type-simple"},"acf":[],"_links":{"self":[{"href":"https:\/\/lode.lv\/fi\/wp-json\/wp\/v2\/product\/275679","targetHints":{"allow":["GET"]}}],"collection":[{"href":"https:\/\/lode.lv\/fi\/wp-json\/wp\/v2\/product"}],"about":[{"href":"https:\/\/lode.lv\/fi\/wp-json\/wp\/v2\/types\/product"}],"wp:featuredmedia":[{"embeddable":true,"href":"https:\/\/lode.lv\/fi\/wp-json\/wp\/v2\/media\/276834"}],"wp:attachment":[{"href":"https:\/\/lode.lv\/fi\/wp-json\/wp\/v2\/media?parent=275679"}],"wp:term":[{"taxonomy":"product_brand","embeddable":true,"href":"https:\/\/lode.lv\/fi\/wp-json\/wp\/v2\/product_brand?post=275679"},{"taxonomy":"product_cat","embeddable":true,"href":"https:\/\/lode.lv\/fi\/wp-json\/wp\/v2\/product_cat?post=275679"},{"taxonomy":"product_tag","embeddable":true,"href":"https:\/\/lode.lv\/fi\/wp-json\/wp\/v2\/product_tag?post=275679"}],"curies":[{"name":"wp","href":"https:\/\/api.w.org\/{rel}","templated":true}]}}