{"id":275674,"date":"2025-04-17T03:25:12","date_gmt":"2025-04-17T03:25:12","guid":{"rendered":"https:\/\/lode.lv\/?post_type=product&#038;p=275674"},"modified":"2025-05-12T17:18:50","modified_gmt":"2025-05-12T17:18:50","slug":"aquarius-copy","status":"publish","type":"product","link":"https:\/\/lode.lv\/fi\/shop\/julkisivun-osalta\/julkisivun-tiililaatat\/kulman-viimeistely-tiililaatat\/aquarius-copy\/","title":{"rendered":"AQUARIUS"},"content":{"rendered":"<p>T\u00e4ydellinen lis\u00e4 AQUARIUS-julkisivulaatoille, joka tarjoaa pehme\u00e4n siirtym\u00e4n rakennuksen kulmiin. S\u00e4ilytt\u00e4\u00e4 punavihre\u00e4n t\u00e4plikk\u00e4\u00e4n s\u00e4vyn ja sile\u00e4n pinnan, mik\u00e4 luo visuaalisesti yhten\u00e4isen ja harmonisen lopputuloksen. Tarkka muotoilu helpottaa asennusta ja mahdollistaa ammattimaisen lopputuloksen saavuttamisen vaivattomasti.  <\/p>\n","protected":false},"excerpt":{"rendered":"<p>Julkisivun kulmatiililaatta<\/p>\n","protected":false},"featured_media":275659,"template":"","meta":{"_acf_changed":false},"product_brand":[90],"product_cat":[548,550,551],"product_tag":[],"class_list":{"0":"post-275674","1":"product","2":"type-product","3":"status-publish","4":"has-post-thumbnail","6":"product_brand-lode","7":"product_cat-julkisivun-osalta","8":"product_cat-julkisivun-tiililaatat","9":"product_cat-kulman-viimeistely-tiililaatat","11":"first","12":"instock","13":"purchasable","14":"product-type-simple"},"acf":[],"_links":{"self":[{"href":"https:\/\/lode.lv\/fi\/wp-json\/wp\/v2\/product\/275674","targetHints":{"allow":["GET"]}}],"collection":[{"href":"https:\/\/lode.lv\/fi\/wp-json\/wp\/v2\/product"}],"about":[{"href":"https:\/\/lode.lv\/fi\/wp-json\/wp\/v2\/types\/product"}],"wp:featuredmedia":[{"embeddable":true,"href":"https:\/\/lode.lv\/fi\/wp-json\/wp\/v2\/media\/275659"}],"wp:attachment":[{"href":"https:\/\/lode.lv\/fi\/wp-json\/wp\/v2\/media?parent=275674"}],"wp:term":[{"taxonomy":"product_brand","embeddable":true,"href":"https:\/\/lode.lv\/fi\/wp-json\/wp\/v2\/product_brand?post=275674"},{"taxonomy":"product_cat","embeddable":true,"href":"https:\/\/lode.lv\/fi\/wp-json\/wp\/v2\/product_cat?post=275674"},{"taxonomy":"product_tag","embeddable":true,"href":"https:\/\/lode.lv\/fi\/wp-json\/wp\/v2\/product_tag?post=275674"}],"curies":[{"name":"wp","href":"https:\/\/api.w.org\/{rel}","templated":true}]}}