{"id":275669,"date":"2025-04-17T03:11:46","date_gmt":"2025-04-17T03:11:46","guid":{"rendered":"https:\/\/lode.lv\/?post_type=product&#038;p=275669"},"modified":"2025-05-12T17:18:51","modified_gmt":"2025-05-12T17:18:51","slug":"andromeda-copy-2","status":"publish","type":"product","link":"https:\/\/lode.lv\/fi\/shop\/julkisivun-osalta\/julkisivun-tiililaatat\/andromeda-copy-2\/","title":{"rendered":"AQUARIUS"},"content":{"rendered":"<p>AQUARIUS yhdist\u00e4\u00e4 punavihre\u00e4n t\u00e4plikk\u00e4\u00e4n v\u00e4rin ja sile\u00e4n pinnan luoden julkisivulle dynaamisen ilmeen. S\u00e4\u00e4n- ja kulutuksenkest\u00e4vyytens\u00e4 ansiosta AQUARIUS on kest\u00e4v\u00e4 valinta sek\u00e4 moderneihin ett\u00e4 klassisempiin projekteihin. <\/p>\n","protected":false},"excerpt":{"rendered":"<p>Julkisivulaatta<\/p>\n","protected":false},"featured_media":275659,"template":"","meta":{"_acf_changed":false},"product_brand":[90],"product_cat":[548,550],"product_tag":[],"class_list":{"0":"post-275669","1":"product","2":"type-product","3":"status-publish","4":"has-post-thumbnail","6":"product_brand-lode","7":"product_cat-julkisivun-osalta","8":"product_cat-julkisivun-tiililaatat","10":"first","11":"instock","12":"purchasable","13":"product-type-simple"},"acf":[],"_links":{"self":[{"href":"https:\/\/lode.lv\/fi\/wp-json\/wp\/v2\/product\/275669","targetHints":{"allow":["GET"]}}],"collection":[{"href":"https:\/\/lode.lv\/fi\/wp-json\/wp\/v2\/product"}],"about":[{"href":"https:\/\/lode.lv\/fi\/wp-json\/wp\/v2\/types\/product"}],"wp:featuredmedia":[{"embeddable":true,"href":"https:\/\/lode.lv\/fi\/wp-json\/wp\/v2\/media\/275659"}],"wp:attachment":[{"href":"https:\/\/lode.lv\/fi\/wp-json\/wp\/v2\/media?parent=275669"}],"wp:term":[{"taxonomy":"product_brand","embeddable":true,"href":"https:\/\/lode.lv\/fi\/wp-json\/wp\/v2\/product_brand?post=275669"},{"taxonomy":"product_cat","embeddable":true,"href":"https:\/\/lode.lv\/fi\/wp-json\/wp\/v2\/product_cat?post=275669"},{"taxonomy":"product_tag","embeddable":true,"href":"https:\/\/lode.lv\/fi\/wp-json\/wp\/v2\/product_tag?post=275669"}],"curies":[{"name":"wp","href":"https:\/\/api.w.org\/{rel}","templated":true}]}}