{"id":275594,"date":"2025-04-17T03:01:50","date_gmt":"2025-04-17T03:01:50","guid":{"rendered":"https:\/\/lode.lv\/?post_type=product&#038;p=275594"},"modified":"2025-05-12T17:18:51","modified_gmt":"2025-05-12T17:18:51","slug":"andromeda-copy","status":"publish","type":"product","link":"https:\/\/lode.lv\/fi\/shop\/julkisivun-osalta\/julkisivun-tiililaatat\/kulman-viimeistely-tiililaatat\/andromeda-copy\/","title":{"rendered":"Andromeda"},"content":{"rendered":"<p>T\u00e4m\u00e4 tiililaatta on rohkea ja ilmaisuvoimainen runsaan punaruskean v\u00e4rins\u00e4 ja sile\u00e4n pintansa ansiosta. Se lis\u00e4\u00e4 julkisivun tyylikkyytt\u00e4 ja kest\u00e4vyytt\u00e4 s\u00e4ilytt\u00e4en samalla luonnollisen ja aidon visuaalisen vaikutelman. ANDROMEDA korostaa t\u00e4ydellisesti arkkitehtonisia linjoja ja sopii sek\u00e4 klassisiin ett\u00e4 moderneihin rakennuksiin.  <\/p>\n","protected":false},"excerpt":{"rendered":"<p>Kulmantiililaatta julkisivuihin<\/p>\n","protected":false},"featured_media":272666,"template":"","meta":{"_acf_changed":false},"product_brand":[90],"product_cat":[548,550,551],"product_tag":[],"class_list":{"0":"post-275594","1":"product","2":"type-product","3":"status-publish","4":"has-post-thumbnail","6":"product_brand-lode","7":"product_cat-julkisivun-osalta","8":"product_cat-julkisivun-tiililaatat","9":"product_cat-kulman-viimeistely-tiililaatat","11":"first","12":"instock","13":"purchasable","14":"product-type-simple"},"acf":[],"_links":{"self":[{"href":"https:\/\/lode.lv\/fi\/wp-json\/wp\/v2\/product\/275594","targetHints":{"allow":["GET"]}}],"collection":[{"href":"https:\/\/lode.lv\/fi\/wp-json\/wp\/v2\/product"}],"about":[{"href":"https:\/\/lode.lv\/fi\/wp-json\/wp\/v2\/types\/product"}],"wp:featuredmedia":[{"embeddable":true,"href":"https:\/\/lode.lv\/fi\/wp-json\/wp\/v2\/media\/272666"}],"wp:attachment":[{"href":"https:\/\/lode.lv\/fi\/wp-json\/wp\/v2\/media?parent=275594"}],"wp:term":[{"taxonomy":"product_brand","embeddable":true,"href":"https:\/\/lode.lv\/fi\/wp-json\/wp\/v2\/product_brand?post=275594"},{"taxonomy":"product_cat","embeddable":true,"href":"https:\/\/lode.lv\/fi\/wp-json\/wp\/v2\/product_cat?post=275594"},{"taxonomy":"product_tag","embeddable":true,"href":"https:\/\/lode.lv\/fi\/wp-json\/wp\/v2\/product_tag?post=275594"}],"curies":[{"name":"wp","href":"https:\/\/api.w.org\/{rel}","templated":true}]}}