{"id":275471,"date":"2025-04-16T12:01:26","date_gmt":"2025-04-16T12:01:26","guid":{"rendered":"https:\/\/lode.lv\/product\/vanha-janka-2\/"},"modified":"2025-12-08T07:25:49","modified_gmt":"2025-12-08T07:25:49","slug":"vanha-janka-2","status":"publish","type":"product","link":"https:\/\/lode.lv\/fi\/shop\/julkisivun-osalta\/reiitetyt-julkisivutiilet\/vanha-janka-2\/","title":{"rendered":"Vecais Janka"},"content":{"rendered":"<p>Retrohenkisesti viimeistelty tiili, jonka savenpunainen s\u00e4vy on omaleimainen. Tuotteen pinnassa on ep\u00e4s\u00e4\u00e4nn\u00f6llisyyksi\u00e4 ja pieni\u00e4 tekstuurivivahteita, jotka antavat julkisivulle vivahteikkaan luonteen ja autenttisuuden. VECAIS JANKA antaa rakennuksille omaleimaisen visuaalisen ilmeen s\u00e4ilytt\u00e4en samalla luonnonsaven perinteiset arvot ja kest\u00e4vyyden. <\/p>\n","protected":false},"excerpt":{"rendered":"<p>Reik\u00e4tiili<\/p>\n","protected":false},"featured_media":273230,"template":"","meta":{"_acf_changed":false},"product_brand":[90],"product_cat":[548,582],"product_tag":[],"class_list":{"0":"post-275471","1":"product","2":"type-product","3":"status-publish","4":"has-post-thumbnail","6":"product_brand-lode","7":"product_cat-julkisivun-osalta","8":"product_cat-reiitetyt-julkisivutiilet","10":"first","11":"instock","12":"taxable","13":"shipping-taxable","14":"purchasable","15":"product-type-variable"},"acf":[],"_links":{"self":[{"href":"https:\/\/lode.lv\/fi\/wp-json\/wp\/v2\/product\/275471","targetHints":{"allow":["GET"]}}],"collection":[{"href":"https:\/\/lode.lv\/fi\/wp-json\/wp\/v2\/product"}],"about":[{"href":"https:\/\/lode.lv\/fi\/wp-json\/wp\/v2\/types\/product"}],"wp:featuredmedia":[{"embeddable":true,"href":"https:\/\/lode.lv\/fi\/wp-json\/wp\/v2\/media\/273230"}],"wp:attachment":[{"href":"https:\/\/lode.lv\/fi\/wp-json\/wp\/v2\/media?parent=275471"}],"wp:term":[{"taxonomy":"product_brand","embeddable":true,"href":"https:\/\/lode.lv\/fi\/wp-json\/wp\/v2\/product_brand?post=275471"},{"taxonomy":"product_cat","embeddable":true,"href":"https:\/\/lode.lv\/fi\/wp-json\/wp\/v2\/product_cat?post=275471"},{"taxonomy":"product_tag","embeddable":true,"href":"https:\/\/lode.lv\/fi\/wp-json\/wp\/v2\/product_tag?post=275471"}],"curies":[{"name":"wp","href":"https:\/\/api.w.org\/{rel}","templated":true}]}}