{"id":275451,"date":"2025-04-16T11:37:02","date_gmt":"2025-04-16T11:37:02","guid":{"rendered":"https:\/\/lode.lv\/product\/vanha-bruno\/"},"modified":"2025-12-08T07:25:47","modified_gmt":"2025-12-08T07:25:47","slug":"vanha-bruno","status":"publish","type":"product","link":"https:\/\/lode.lv\/fi\/shop\/julkisivun-osalta\/reiitetyt-julkisivutiilet\/vanha-bruno\/","title":{"rendered":"Vecais Brunis"},"content":{"rendered":"<p>Retrohenkisesti viimeistelty tumman suklaan s\u00e4vyinen tiili, jonka aaltoileva rakenne antaa julkisivuille autenttisen luonteen. Harmoniset v\u00e4ris\u00e4vyt ja reliefikuvio antavat julkisivulle erottuvan ja vivahteikkaan ilmeen, joka t\u00e4ydent\u00e4\u00e4 t\u00e4ydellisesti sek\u00e4 historiallisia ett\u00e4 nykyaikaisia arkkitehtonisia ratkaisuja. <\/p>\n","protected":false},"excerpt":{"rendered":"<p>Reik\u00e4tiili<\/p>\n","protected":false},"featured_media":272930,"template":"","meta":{"_acf_changed":false},"product_brand":[90],"product_cat":[548,582],"product_tag":[],"class_list":{"0":"post-275451","1":"product","2":"type-product","3":"status-publish","4":"has-post-thumbnail","6":"product_brand-lode","7":"product_cat-julkisivun-osalta","8":"product_cat-reiitetyt-julkisivutiilet","10":"first","11":"instock","12":"taxable","13":"shipping-taxable","14":"purchasable","15":"product-type-variable"},"acf":[],"_links":{"self":[{"href":"https:\/\/lode.lv\/fi\/wp-json\/wp\/v2\/product\/275451","targetHints":{"allow":["GET"]}}],"collection":[{"href":"https:\/\/lode.lv\/fi\/wp-json\/wp\/v2\/product"}],"about":[{"href":"https:\/\/lode.lv\/fi\/wp-json\/wp\/v2\/types\/product"}],"wp:featuredmedia":[{"embeddable":true,"href":"https:\/\/lode.lv\/fi\/wp-json\/wp\/v2\/media\/272930"}],"wp:attachment":[{"href":"https:\/\/lode.lv\/fi\/wp-json\/wp\/v2\/media?parent=275451"}],"wp:term":[{"taxonomy":"product_brand","embeddable":true,"href":"https:\/\/lode.lv\/fi\/wp-json\/wp\/v2\/product_brand?post=275451"},{"taxonomy":"product_cat","embeddable":true,"href":"https:\/\/lode.lv\/fi\/wp-json\/wp\/v2\/product_cat?post=275451"},{"taxonomy":"product_tag","embeddable":true,"href":"https:\/\/lode.lv\/fi\/wp-json\/wp\/v2\/product_tag?post=275451"}],"curies":[{"name":"wp","href":"https:\/\/api.w.org\/{rel}","templated":true}]}}