{"id":275438,"date":"2025-04-16T11:01:26","date_gmt":"2025-04-16T11:01:26","guid":{"rendered":"https:\/\/lode.lv\/product\/tybet-shadow\/"},"modified":"2025-12-08T07:25:45","modified_gmt":"2025-12-08T07:25:45","slug":"tybet-shadow","status":"publish","type":"product","link":"https:\/\/lode.lv\/fi\/shop\/julkisivun-osalta\/reiitetyt-julkisivutiilet\/tybet-shadow\/","title":{"rendered":"TYBET SHADOW"},"content":{"rendered":"<p>TYBET-s\u00e4vyt antavat julkisivulle erityist\u00e4 visuaalista dynamiikkaa hienovaraisilla v\u00e4risiirtymill\u00e4 puhtaasta harmaasta maan s\u00e4vyihin. Sile\u00e4 pinta antaa tyylikk\u00e4\u00e4n ja tasaisen ulkon\u00e4\u00f6n, kun taas s\u00e4vyvaihtelu antaa luonnollisen ja ainutlaatuisen visuaalisen vaikutelman. <\/p>\n","protected":false},"excerpt":{"rendered":"<p>Reik\u00e4tiili<\/p>\n","protected":false},"featured_media":273182,"template":"","meta":{"_acf_changed":false},"product_brand":[90],"product_cat":[548,582],"product_tag":[],"class_list":{"0":"post-275438","1":"product","2":"type-product","3":"status-publish","4":"has-post-thumbnail","6":"product_brand-lode","7":"product_cat-julkisivun-osalta","8":"product_cat-reiitetyt-julkisivutiilet","10":"first","11":"instock","12":"taxable","13":"shipping-taxable","14":"purchasable","15":"product-type-simple"},"acf":[],"_links":{"self":[{"href":"https:\/\/lode.lv\/fi\/wp-json\/wp\/v2\/product\/275438","targetHints":{"allow":["GET"]}}],"collection":[{"href":"https:\/\/lode.lv\/fi\/wp-json\/wp\/v2\/product"}],"about":[{"href":"https:\/\/lode.lv\/fi\/wp-json\/wp\/v2\/types\/product"}],"wp:featuredmedia":[{"embeddable":true,"href":"https:\/\/lode.lv\/fi\/wp-json\/wp\/v2\/media\/273182"}],"wp:attachment":[{"href":"https:\/\/lode.lv\/fi\/wp-json\/wp\/v2\/media?parent=275438"}],"wp:term":[{"taxonomy":"product_brand","embeddable":true,"href":"https:\/\/lode.lv\/fi\/wp-json\/wp\/v2\/product_brand?post=275438"},{"taxonomy":"product_cat","embeddable":true,"href":"https:\/\/lode.lv\/fi\/wp-json\/wp\/v2\/product_cat?post=275438"},{"taxonomy":"product_tag","embeddable":true,"href":"https:\/\/lode.lv\/fi\/wp-json\/wp\/v2\/product_tag?post=275438"}],"curies":[{"name":"wp","href":"https:\/\/api.w.org\/{rel}","templated":true}]}}