{"id":275411,"date":"2025-04-16T10:37:10","date_gmt":"2025-04-16T10:37:10","guid":{"rendered":"https:\/\/lode.lv\/product\/asais-bruni\/"},"modified":"2025-12-08T07:25:41","modified_gmt":"2025-12-08T07:25:41","slug":"asais-bruni","status":"publish","type":"product","link":"https:\/\/lode.lv\/fi\/shop\/julkisivun-osalta\/reiitetyt-julkisivutiilet\/asais-bruni\/","title":{"rendered":"Asais Bruni"},"content":{"rendered":"<p>Voimakkaan kahvin v\u00e4rinen tiili, jonka voimakkaasti naarmutettu pinta antaa julkisivulle dynaamisen ja ilmeikk\u00e4\u00e4n luonteen. Tuotteen rakenne luo vivahteikkaan valon leikin, joka syvent\u00e4\u00e4 sein\u00e4rakennetta visuaalisesti ja antaa julkisivulle ainutlaatuisen luonteen. Ihanteellinen teollisiin ja klassisiin rakennuksiin sek\u00e4 niille, jotka haluavat antaa rakennukselleen yksil\u00f6llisen ja nykyaikaisen ilmeen.  <\/p>\n","protected":false},"excerpt":{"rendered":"<p>Reik\u00e4tiili<\/p>\n","protected":false},"featured_media":273006,"template":"","meta":{"_acf_changed":false},"product_brand":[90],"product_cat":[548,582],"product_tag":[],"class_list":{"0":"post-275411","1":"product","2":"type-product","3":"status-publish","4":"has-post-thumbnail","6":"product_brand-lode","7":"product_cat-julkisivun-osalta","8":"product_cat-reiitetyt-julkisivutiilet","10":"first","11":"instock","12":"taxable","13":"shipping-taxable","14":"purchasable","15":"product-type-variable"},"acf":[],"_links":{"self":[{"href":"https:\/\/lode.lv\/fi\/wp-json\/wp\/v2\/product\/275411","targetHints":{"allow":["GET"]}}],"collection":[{"href":"https:\/\/lode.lv\/fi\/wp-json\/wp\/v2\/product"}],"about":[{"href":"https:\/\/lode.lv\/fi\/wp-json\/wp\/v2\/types\/product"}],"wp:featuredmedia":[{"embeddable":true,"href":"https:\/\/lode.lv\/fi\/wp-json\/wp\/v2\/media\/273006"}],"wp:attachment":[{"href":"https:\/\/lode.lv\/fi\/wp-json\/wp\/v2\/media?parent=275411"}],"wp:term":[{"taxonomy":"product_brand","embeddable":true,"href":"https:\/\/lode.lv\/fi\/wp-json\/wp\/v2\/product_brand?post=275411"},{"taxonomy":"product_cat","embeddable":true,"href":"https:\/\/lode.lv\/fi\/wp-json\/wp\/v2\/product_cat?post=275411"},{"taxonomy":"product_tag","embeddable":true,"href":"https:\/\/lode.lv\/fi\/wp-json\/wp\/v2\/product_tag?post=275411"}],"curies":[{"name":"wp","href":"https:\/\/api.w.org\/{rel}","templated":true}]}}