{"id":275400,"date":"2025-04-16T10:26:34","date_gmt":"2025-04-16T10:26:34","guid":{"rendered":"https:\/\/lode.lv\/product\/sharp-rudite\/"},"modified":"2025-12-08T07:25:39","modified_gmt":"2025-12-08T07:25:39","slug":"sharp-rudite","status":"publish","type":"product","link":"https:\/\/lode.lv\/fi\/shop\/julkisivun-osalta\/reiitetyt-julkisivutiilet\/sharp-rudite\/","title":{"rendered":"Asa Rudite"},"content":{"rendered":"<p>Keltaruskea kirjava tiili, jonka erottuva tekstuuri huokuu visuaalista syvyytt\u00e4 ja luonnollisuutta. Vankka pinta luo vivahteikkaan valon leikin, joka lis\u00e4\u00e4 julkisivuihin yksil\u00f6llisyytt\u00e4 ja ilmaisuvoimaa. Ihanteellinen historiallisten rakennusten restaurointiin ja innovatiivisiin hankkeisiin, joissa halutaan s\u00e4ilytt\u00e4\u00e4 klassinen ja kest\u00e4v\u00e4 viimeistely.  <\/p>\n","protected":false},"excerpt":{"rendered":"<p>Reik\u00e4tiili<\/p>\n","protected":false},"featured_media":275397,"template":"","meta":{"_acf_changed":false},"product_brand":[90],"product_cat":[548,582],"product_tag":[],"class_list":{"0":"post-275400","1":"product","2":"type-product","3":"status-publish","4":"has-post-thumbnail","6":"product_brand-lode","7":"product_cat-julkisivun-osalta","8":"product_cat-reiitetyt-julkisivutiilet","10":"first","11":"instock","12":"taxable","13":"shipping-taxable","14":"purchasable","15":"product-type-simple"},"acf":[],"_links":{"self":[{"href":"https:\/\/lode.lv\/fi\/wp-json\/wp\/v2\/product\/275400","targetHints":{"allow":["GET"]}}],"collection":[{"href":"https:\/\/lode.lv\/fi\/wp-json\/wp\/v2\/product"}],"about":[{"href":"https:\/\/lode.lv\/fi\/wp-json\/wp\/v2\/types\/product"}],"wp:featuredmedia":[{"embeddable":true,"href":"https:\/\/lode.lv\/fi\/wp-json\/wp\/v2\/media\/275397"}],"wp:attachment":[{"href":"https:\/\/lode.lv\/fi\/wp-json\/wp\/v2\/media?parent=275400"}],"wp:term":[{"taxonomy":"product_brand","embeddable":true,"href":"https:\/\/lode.lv\/fi\/wp-json\/wp\/v2\/product_brand?post=275400"},{"taxonomy":"product_cat","embeddable":true,"href":"https:\/\/lode.lv\/fi\/wp-json\/wp\/v2\/product_cat?post=275400"},{"taxonomy":"product_tag","embeddable":true,"href":"https:\/\/lode.lv\/fi\/wp-json\/wp\/v2\/product_tag?post=275400"}],"curies":[{"name":"wp","href":"https:\/\/api.w.org\/{rel}","templated":true}]}}