{"id":275391,"date":"2025-04-16T10:17:01","date_gmt":"2025-04-16T10:17:01","guid":{"rendered":"https:\/\/lode.lv\/product\/terava-osteri\/"},"modified":"2025-12-08T07:25:39","modified_gmt":"2025-12-08T07:25:39","slug":"terava-osteri","status":"publish","type":"product","link":"https:\/\/lode.lv\/fi\/shop\/julkisivun-osalta\/reiitetyt-julkisivutiilet\/terava-osteri\/","title":{"rendered":"Asa Austra"},"content":{"rendered":"<p>AS\u0100 AUSTRA on rei&#8217;itetty koristetiili, jolla on rohkea ja eloisa luonne \u2013 sen pinnassa kietoutuvat yhteen keltaisen, vihre\u00e4n ja vaaleanpunaisen s\u00e4vyt luoden ainutlaatuisen ja erottuvan visuaalisen vaikutelman. T\u00e4m\u00e4 kest\u00e4v\u00e4 tiili, jossa on teksturoitu pinta, sopii sek\u00e4 moderneihin julkisivuihin ett\u00e4 sis\u00e4tilojen korostuksiin, kun sek\u00e4 esteettisyys ett\u00e4 tekninen toimivuus ovat t\u00e4rkeit\u00e4. <\/p>\n","protected":false},"excerpt":{"rendered":"<p>Reik\u00e4tiili<\/p>\n","protected":false},"featured_media":275382,"template":"","meta":{"_acf_changed":false},"product_brand":[90],"product_cat":[548,582],"product_tag":[],"class_list":{"0":"post-275391","1":"product","2":"type-product","3":"status-publish","4":"has-post-thumbnail","6":"product_brand-lode","7":"product_cat-julkisivun-osalta","8":"product_cat-reiitetyt-julkisivutiilet","10":"first","11":"instock","12":"taxable","13":"shipping-taxable","14":"purchasable","15":"product-type-simple"},"acf":[],"_links":{"self":[{"href":"https:\/\/lode.lv\/fi\/wp-json\/wp\/v2\/product\/275391","targetHints":{"allow":["GET"]}}],"collection":[{"href":"https:\/\/lode.lv\/fi\/wp-json\/wp\/v2\/product"}],"about":[{"href":"https:\/\/lode.lv\/fi\/wp-json\/wp\/v2\/types\/product"}],"wp:featuredmedia":[{"embeddable":true,"href":"https:\/\/lode.lv\/fi\/wp-json\/wp\/v2\/media\/275382"}],"wp:attachment":[{"href":"https:\/\/lode.lv\/fi\/wp-json\/wp\/v2\/media?parent=275391"}],"wp:term":[{"taxonomy":"product_brand","embeddable":true,"href":"https:\/\/lode.lv\/fi\/wp-json\/wp\/v2\/product_brand?post=275391"},{"taxonomy":"product_cat","embeddable":true,"href":"https:\/\/lode.lv\/fi\/wp-json\/wp\/v2\/product_cat?post=275391"},{"taxonomy":"product_tag","embeddable":true,"href":"https:\/\/lode.lv\/fi\/wp-json\/wp\/v2\/product_tag?post=275391"}],"curies":[{"name":"wp","href":"https:\/\/api.w.org\/{rel}","templated":true}]}}