{"id":275083,"date":"2025-04-16T01:52:58","date_gmt":"2025-04-16T01:52:58","guid":{"rendered":"https:\/\/lode.lv\/?post_type=product&#038;p=275083"},"modified":"2025-12-05T17:35:56","modified_gmt":"2025-12-05T17:35:56","slug":"vecais-janka-copy","status":"publish","type":"product","link":"https:\/\/lode.lv\/fi\/shop\/julkisivun-osalta\/taydet-tiilet\/vecais-janka-copy\/","title":{"rendered":"WENUS"},"content":{"rendered":"<p>Sile\u00e4pintainen luonnonvalkoinen tiili luo modernin ja tyylikk\u00e4\u00e4n julkisivuratkaisun. Sen neutraali mutta ilmeik\u00e4s s\u00e4vy antaa runsaasti mahdollisuuksia yhdistelyyn eri materiaalien kanssa lasista ja metallista kiveen. Suuren kest\u00e4vyytens\u00e4 ansiosta WENUS on ihanteellinen ratkaisu moderneihin julkisivuihin, joissa halutaan yhdist\u00e4\u00e4 toiminnallisuus ja esteettinen minimalismi.<\/p>\n","protected":false},"excerpt":{"rendered":"<p>T\u00e4ystiili<\/p>\n","protected":false},"featured_media":273206,"template":"","meta":{"_acf_changed":false},"product_brand":[90],"product_cat":[461,463],"product_tag":[],"class_list":{"0":"post-275083","1":"product","2":"type-product","3":"status-publish","4":"has-post-thumbnail","6":"product_brand-lode","7":"product_cat-savupiippuja-uuneja-varten","8":"product_cat-taydet-tiilet","10":"first","11":"instock","12":"purchasable","13":"product-type-simple"},"acf":[],"_links":{"self":[{"href":"https:\/\/lode.lv\/fi\/wp-json\/wp\/v2\/product\/275083","targetHints":{"allow":["GET"]}}],"collection":[{"href":"https:\/\/lode.lv\/fi\/wp-json\/wp\/v2\/product"}],"about":[{"href":"https:\/\/lode.lv\/fi\/wp-json\/wp\/v2\/types\/product"}],"wp:featuredmedia":[{"embeddable":true,"href":"https:\/\/lode.lv\/fi\/wp-json\/wp\/v2\/media\/273206"}],"wp:attachment":[{"href":"https:\/\/lode.lv\/fi\/wp-json\/wp\/v2\/media?parent=275083"}],"wp:term":[{"taxonomy":"product_brand","embeddable":true,"href":"https:\/\/lode.lv\/fi\/wp-json\/wp\/v2\/product_brand?post=275083"},{"taxonomy":"product_cat","embeddable":true,"href":"https:\/\/lode.lv\/fi\/wp-json\/wp\/v2\/product_cat?post=275083"},{"taxonomy":"product_tag","embeddable":true,"href":"https:\/\/lode.lv\/fi\/wp-json\/wp\/v2\/product_tag?post=275083"}],"curies":[{"name":"wp","href":"https:\/\/api.w.org\/{rel}","templated":true}]}}