{"id":269893,"date":"2025-03-20T12:03:24","date_gmt":"2025-03-20T12:03:24","guid":{"rendered":"http:\/\/lode2025.local\/product\/amber\/"},"modified":"2026-02-28T09:55:29","modified_gmt":"2026-02-28T09:55:29","slug":"amber","status":"publish","type":"product","link":"https:\/\/lode.lv\/fi\/shop\/brugesanai-fi\/klinkkeri-paallystys\/amber\/","title":{"rendered":"AMBER 200&#215;100"},"content":{"rendered":"<p>Meripihkanv\u00e4rinen p\u00e4\u00e4llyste, jonka rikas ja l\u00e4mmin s\u00e4vy tuo ymp\u00e4rist\u00f6\u00f6n eleganssia ja hienostuneisuutta. Sopii sek\u00e4 historiallisille ett\u00e4 nykyaikaisille alueille \u2013 k\u00e4yt\u00e4ville, takapihoille, terasseille ja ajoteille. Laatoitus s\u00e4ilytt\u00e4\u00e4 v\u00e4rins\u00e4 ja kest\u00e4vyytens\u00e4 jopa useita vuosisatoja.  <\/p>\n","protected":false},"excerpt":{"rendered":"<p>Klinkkerip\u00e4\u00e4llyste<\/p>\n","protected":false},"featured_media":273570,"template":"","meta":{"_acf_changed":false},"product_brand":[90],"product_cat":[521,1028,1060],"product_tag":[],"class_list":{"0":"post-269893","1":"product","2":"type-product","3":"status-publish","4":"has-post-thumbnail","6":"product_brand-lode","7":"product_cat-klinkkeri-paallystys","8":"product_cat-brugesanai-fi","9":"product_cat-rudens2025","11":"first","12":"instock","13":"purchasable","14":"product-type-variable","15":"has-default-attributes"},"acf":[],"_links":{"self":[{"href":"https:\/\/lode.lv\/fi\/wp-json\/wp\/v2\/product\/269893","targetHints":{"allow":["GET"]}}],"collection":[{"href":"https:\/\/lode.lv\/fi\/wp-json\/wp\/v2\/product"}],"about":[{"href":"https:\/\/lode.lv\/fi\/wp-json\/wp\/v2\/types\/product"}],"wp:featuredmedia":[{"embeddable":true,"href":"https:\/\/lode.lv\/fi\/wp-json\/wp\/v2\/media\/273570"}],"wp:attachment":[{"href":"https:\/\/lode.lv\/fi\/wp-json\/wp\/v2\/media?parent=269893"}],"wp:term":[{"taxonomy":"product_brand","embeddable":true,"href":"https:\/\/lode.lv\/fi\/wp-json\/wp\/v2\/product_brand?post=269893"},{"taxonomy":"product_cat","embeddable":true,"href":"https:\/\/lode.lv\/fi\/wp-json\/wp\/v2\/product_cat?post=269893"},{"taxonomy":"product_tag","embeddable":true,"href":"https:\/\/lode.lv\/fi\/wp-json\/wp\/v2\/product_tag?post=269893"}],"curies":[{"name":"wp","href":"https:\/\/api.w.org\/{rel}","templated":true}]}}