{"id":269885,"date":"2025-03-20T12:03:24","date_gmt":"2025-03-20T12:03:24","guid":{"rendered":"http:\/\/lode2025.local\/product\/tybet-5\/"},"modified":"2025-09-11T05:16:04","modified_gmt":"2025-09-11T05:16:04","slug":"tybet-5","status":"publish","type":"product","link":"https:\/\/lode.lv\/fi\/shop\/brugesanai-fi\/klinkkeri-paallystys\/tybet-5\/","title":{"rendered":"TYBET"},"content":{"rendered":"<p>Pohjoismaista harmaan eleganssia henkiv\u00e4 p\u00e4\u00e4llyste, joka her\u00e4tt\u00e4\u00e4 mielleyhtymi\u00e4 utuun, mustaan hiileen ja syv\u00e4\u00e4n sumuun. Yksi viime vuosien suosituimmista p\u00e4\u00e4llysteist\u00e4. Kest\u00e4\u00e4 s\u00e4\u00e4olosuhteita, mekaanista rasitusta ja kemiallisia vaikutuksia, mik\u00e4 takaa tasaisen laadun sukupolvesta toiseen. P\u00e4\u00e4llyste soveltuu paksuudesta riippuen puutarhapoluille sek\u00e4 piha-alueiden ajov\u00e4ylille, pys\u00e4k\u00f6intialueille ja raskaasti liikenn\u00f6idyille teille.<\/p>\n","protected":false},"excerpt":{"rendered":"<p>Klinkkerip\u00e4\u00e4llyste<\/p>\n","protected":false},"featured_media":273578,"template":"","meta":{"_acf_changed":false},"product_brand":[90],"product_cat":[521,1028,1060],"product_tag":[],"class_list":{"0":"post-269885","1":"product","2":"type-product","3":"status-publish","4":"has-post-thumbnail","6":"product_brand-lode","7":"product_cat-klinkkeri-paallystys","8":"product_cat-brugesanai-fi","9":"product_cat-rudens2025","11":"first","12":"instock","13":"purchasable","14":"product-type-variable"},"acf":[],"_links":{"self":[{"href":"https:\/\/lode.lv\/fi\/wp-json\/wp\/v2\/product\/269885","targetHints":{"allow":["GET"]}}],"collection":[{"href":"https:\/\/lode.lv\/fi\/wp-json\/wp\/v2\/product"}],"about":[{"href":"https:\/\/lode.lv\/fi\/wp-json\/wp\/v2\/types\/product"}],"wp:featuredmedia":[{"embeddable":true,"href":"https:\/\/lode.lv\/fi\/wp-json\/wp\/v2\/media\/273578"}],"wp:attachment":[{"href":"https:\/\/lode.lv\/fi\/wp-json\/wp\/v2\/media?parent=269885"}],"wp:term":[{"taxonomy":"product_brand","embeddable":true,"href":"https:\/\/lode.lv\/fi\/wp-json\/wp\/v2\/product_brand?post=269885"},{"taxonomy":"product_cat","embeddable":true,"href":"https:\/\/lode.lv\/fi\/wp-json\/wp\/v2\/product_cat?post=269885"},{"taxonomy":"product_tag","embeddable":true,"href":"https:\/\/lode.lv\/fi\/wp-json\/wp\/v2\/product_tag?post=269885"}],"curies":[{"name":"wp","href":"https:\/\/api.w.org\/{rel}","templated":true}]}}