{"id":269879,"date":"2025-03-20T12:03:24","date_gmt":"2025-03-20T12:03:24","guid":{"rendered":"http:\/\/lode2025.local\/product\/gobi\/"},"modified":"2025-09-11T05:20:11","modified_gmt":"2025-09-11T05:20:11","slug":"gobi","status":"publish","type":"product","link":"https:\/\/lode.lv\/fi\/shop\/brugesanai-fi\/klinkkeri-paallystys\/gobi\/","title":{"rendered":"GOBI"},"content":{"rendered":"<p>Kelta-ruskea klinkkerip\u00e4\u00e4llyste, joka antaa jalkak\u00e4yt\u00e4v\u00e4lle harmonisen ja esteettisen ulkon\u00e4\u00f6n. Tiiviin rakenteensa ansiosta p\u00e4\u00e4llyste ei ime kosteutta eik\u00e4 ole herkk\u00e4 \u00f6ljytahroille tai kotitalouskemikaaleille, mik\u00e4 takaa t\u00e4ydellisen ulkon\u00e4\u00f6n vuosisatojen ajan. Ihanteellinen puutarhapoluille, pihoille ja asuinalueille, kun tarvitaan kest\u00e4v\u00e4\u00e4, helppohoitoista ja pitk\u00e4ik\u00e4ist\u00e4 pintaa.<\/p>\n","protected":false},"excerpt":{"rendered":"<p>Klinkkerip\u00e4\u00e4llyste<\/p>\n","protected":false},"featured_media":273586,"template":"","meta":{"_acf_changed":false},"product_brand":[90],"product_cat":[521,1028,1060],"product_tag":[],"class_list":{"0":"post-269879","1":"product","2":"type-product","3":"status-publish","4":"has-post-thumbnail","6":"product_brand-lode","7":"product_cat-klinkkeri-paallystys","8":"product_cat-brugesanai-fi","9":"product_cat-rudens2025","11":"first","12":"instock","13":"purchasable","14":"product-type-variable"},"acf":[],"_links":{"self":[{"href":"https:\/\/lode.lv\/fi\/wp-json\/wp\/v2\/product\/269879","targetHints":{"allow":["GET"]}}],"collection":[{"href":"https:\/\/lode.lv\/fi\/wp-json\/wp\/v2\/product"}],"about":[{"href":"https:\/\/lode.lv\/fi\/wp-json\/wp\/v2\/types\/product"}],"wp:featuredmedia":[{"embeddable":true,"href":"https:\/\/lode.lv\/fi\/wp-json\/wp\/v2\/media\/273586"}],"wp:attachment":[{"href":"https:\/\/lode.lv\/fi\/wp-json\/wp\/v2\/media?parent=269879"}],"wp:term":[{"taxonomy":"product_brand","embeddable":true,"href":"https:\/\/lode.lv\/fi\/wp-json\/wp\/v2\/product_brand?post=269879"},{"taxonomy":"product_cat","embeddable":true,"href":"https:\/\/lode.lv\/fi\/wp-json\/wp\/v2\/product_cat?post=269879"},{"taxonomy":"product_tag","embeddable":true,"href":"https:\/\/lode.lv\/fi\/wp-json\/wp\/v2\/product_tag?post=269879"}],"curies":[{"name":"wp","href":"https:\/\/api.w.org\/{rel}","templated":true}]}}