{"id":269878,"date":"2025-03-20T12:03:24","date_gmt":"2025-03-20T12:03:24","guid":{"rendered":"http:\/\/lode2025.local\/product\/tybet-savyt\/"},"modified":"2025-09-11T05:18:31","modified_gmt":"2025-09-11T05:18:31","slug":"tybet-savyt","status":"publish","type":"product","link":"https:\/\/lode.lv\/fi\/shop\/brugesanai-fi\/klinkkeri-paallystys\/tybet-savyt\/","title":{"rendered":"TYBET (SHADOW)"},"content":{"rendered":"<p>Klinkkerip\u00e4\u00e4llyste, jossa on harmaan ja ruskean s\u00e4vyjen yhdistelm\u00e4, antaa p\u00e4\u00e4llysteelle dynaamisen ulkon\u00e4\u00f6n. V\u00e4rien yhteispeli mahdollistaa visuaalisesti rikkaat ja monivivahteiset p\u00e4\u00e4llysteet. Erityisen tuotantotekniikan ansiosta p\u00e4\u00e4llysteen v\u00e4ri pysyy vakiona vuosisatojen ajan  haalistumatta ja menett\u00e4m\u00e4tt\u00e4 intensiteetti\u00e4\u00e4n edes voimakkaassa auringonpaisteessa, kosteudessa ja l\u00e4mp\u00f6tilanvaihteluissa. T\u00e4m\u00e4 p\u00e4\u00e4llyste sopii jalankulkureiteille ja kevyen liikenteen v\u00e4ylille.<\/p>\n","protected":false},"excerpt":{"rendered":"<p>Klinkkerip\u00e4\u00e4llyste<\/p>\n","protected":false},"featured_media":273582,"template":"","meta":{"_acf_changed":false},"product_brand":[90],"product_cat":[521,1028,1060],"product_tag":[],"class_list":{"0":"post-269878","1":"product","2":"type-product","3":"status-publish","4":"has-post-thumbnail","6":"product_brand-lode","7":"product_cat-klinkkeri-paallystys","8":"product_cat-brugesanai-fi","9":"product_cat-rudens2025","11":"first","12":"instock","13":"purchasable","14":"product-type-variable"},"acf":[],"_links":{"self":[{"href":"https:\/\/lode.lv\/fi\/wp-json\/wp\/v2\/product\/269878","targetHints":{"allow":["GET"]}}],"collection":[{"href":"https:\/\/lode.lv\/fi\/wp-json\/wp\/v2\/product"}],"about":[{"href":"https:\/\/lode.lv\/fi\/wp-json\/wp\/v2\/types\/product"}],"wp:featuredmedia":[{"embeddable":true,"href":"https:\/\/lode.lv\/fi\/wp-json\/wp\/v2\/media\/273582"}],"wp:attachment":[{"href":"https:\/\/lode.lv\/fi\/wp-json\/wp\/v2\/media?parent=269878"}],"wp:term":[{"taxonomy":"product_brand","embeddable":true,"href":"https:\/\/lode.lv\/fi\/wp-json\/wp\/v2\/product_brand?post=269878"},{"taxonomy":"product_cat","embeddable":true,"href":"https:\/\/lode.lv\/fi\/wp-json\/wp\/v2\/product_cat?post=269878"},{"taxonomy":"product_tag","embeddable":true,"href":"https:\/\/lode.lv\/fi\/wp-json\/wp\/v2\/product_tag?post=269878"}],"curies":[{"name":"wp","href":"https:\/\/api.w.org\/{rel}","templated":true}]}}