{"id":269873,"date":"2025-03-20T12:03:53","date_gmt":"2025-03-20T12:03:53","guid":{"rendered":"http:\/\/lode2025.local\/product\/lava\/"},"modified":"2025-09-11T04:58:37","modified_gmt":"2025-09-11T04:58:37","slug":"lava","status":"publish","type":"product","link":"https:\/\/lode.lv\/fi\/shop\/brugesanai-fi\/klinkkeri-paallystys\/lava\/","title":{"rendered":"LAVA"},"content":{"rendered":"<p>P\u00e4\u00e4llyste erottuu syv\u00e4ll\u00e4 punaruskealla kirjavalla s\u00e4vyll\u00e4\u00e4n, mik\u00e4 antaa ymp\u00e4rist\u00f6lle uniikin luonteen. Korkea mekaaninen lujuus ja alhainen veden imeytyminen tekev\u00e4t t\u00e4st\u00e4 klinkkerip\u00e4\u00e4llysteest\u00e4 sopivan niin yksityisille sis\u00e4pihoille kuin jalankulkuliikenteeseen suunnitelluille julkisille ja kaupunkialueille. Tuotteen tiivis rakenne tekee siit\u00e4 kest\u00e4v\u00e4n \u00f6ljytahroja, happoja ja kotitalouskemikaaleja vastaan varmistaen helpon yll\u00e4pidon ja pitk\u00e4ik\u00e4isyyden.<\/p>\n","protected":false},"excerpt":{"rendered":"<p>Klinkkerip\u00e4\u00e4llyste<\/p>\n","protected":false},"featured_media":273602,"template":"","meta":{"_acf_changed":false},"product_brand":[90],"product_cat":[521,1028,1060],"product_tag":[],"class_list":{"0":"post-269873","1":"product","2":"type-product","3":"status-publish","4":"has-post-thumbnail","6":"product_brand-lode","7":"product_cat-klinkkeri-paallystys","8":"product_cat-brugesanai-fi","9":"product_cat-rudens2025","11":"first","12":"instock","13":"purchasable","14":"product-type-variable"},"acf":[],"_links":{"self":[{"href":"https:\/\/lode.lv\/fi\/wp-json\/wp\/v2\/product\/269873","targetHints":{"allow":["GET"]}}],"collection":[{"href":"https:\/\/lode.lv\/fi\/wp-json\/wp\/v2\/product"}],"about":[{"href":"https:\/\/lode.lv\/fi\/wp-json\/wp\/v2\/types\/product"}],"wp:featuredmedia":[{"embeddable":true,"href":"https:\/\/lode.lv\/fi\/wp-json\/wp\/v2\/media\/273602"}],"wp:attachment":[{"href":"https:\/\/lode.lv\/fi\/wp-json\/wp\/v2\/media?parent=269873"}],"wp:term":[{"taxonomy":"product_brand","embeddable":true,"href":"https:\/\/lode.lv\/fi\/wp-json\/wp\/v2\/product_brand?post=269873"},{"taxonomy":"product_cat","embeddable":true,"href":"https:\/\/lode.lv\/fi\/wp-json\/wp\/v2\/product_cat?post=269873"},{"taxonomy":"product_tag","embeddable":true,"href":"https:\/\/lode.lv\/fi\/wp-json\/wp\/v2\/product_tag?post=269873"}],"curies":[{"name":"wp","href":"https:\/\/api.w.org\/{rel}","templated":true}]}}