{"id":269872,"date":"2025-03-20T12:03:53","date_gmt":"2025-03-20T12:03:53","guid":{"rendered":"http:\/\/lode2025.local\/product\/orion\/"},"modified":"2025-09-11T04:56:37","modified_gmt":"2025-09-11T04:56:37","slug":"orion","status":"publish","type":"product","link":"https:\/\/lode.lv\/fi\/shop\/brugesanai-fi\/klinkkeri-paallystys\/orion\/","title":{"rendered":"ORION"},"content":{"rendered":"<p>Tummanruskean kirjava klinkkerip\u00e4\u00e4llyste, jonka pinta on repaleinen. Monivivahteinen s\u00e4vy antaa alueelle modernin ja elegantin ilmeen, mik\u00e4 tekee tuotteesta erinomaisen valinnan moderneissa ja teollisissa ymp\u00e4rist\u00f6iss\u00e4 sek\u00e4 nykyaikaisissa perhekodeissa. P\u00e4\u00e4llyste on kest\u00e4v\u00e4 kulumista ja s\u00e4\u00e4olosuhteita vastaan ja varmistaa kohteen pitk\u00e4aikaisen kest\u00e4vyyden ja visuaalisen vetovoiman. Soveltuu terasseille, puutarhapoluille, k\u00e4yt\u00e4ville ja takapihan ajoteille.<\/p>\n","protected":false},"excerpt":{"rendered":"<p>Klinkkerip\u00e4\u00e4llyste<\/p>\n","protected":false},"featured_media":273594,"template":"","meta":{"_acf_changed":false},"product_brand":[90],"product_cat":[521,1028,1060],"product_tag":[],"class_list":{"0":"post-269872","1":"product","2":"type-product","3":"status-publish","4":"has-post-thumbnail","6":"product_brand-lode","7":"product_cat-klinkkeri-paallystys","8":"product_cat-brugesanai-fi","9":"product_cat-rudens2025","11":"first","12":"instock","13":"purchasable","14":"product-type-variable"},"acf":[],"_links":{"self":[{"href":"https:\/\/lode.lv\/fi\/wp-json\/wp\/v2\/product\/269872","targetHints":{"allow":["GET"]}}],"collection":[{"href":"https:\/\/lode.lv\/fi\/wp-json\/wp\/v2\/product"}],"about":[{"href":"https:\/\/lode.lv\/fi\/wp-json\/wp\/v2\/types\/product"}],"wp:featuredmedia":[{"embeddable":true,"href":"https:\/\/lode.lv\/fi\/wp-json\/wp\/v2\/media\/273594"}],"wp:attachment":[{"href":"https:\/\/lode.lv\/fi\/wp-json\/wp\/v2\/media?parent=269872"}],"wp:term":[{"taxonomy":"product_brand","embeddable":true,"href":"https:\/\/lode.lv\/fi\/wp-json\/wp\/v2\/product_brand?post=269872"},{"taxonomy":"product_cat","embeddable":true,"href":"https:\/\/lode.lv\/fi\/wp-json\/wp\/v2\/product_cat?post=269872"},{"taxonomy":"product_tag","embeddable":true,"href":"https:\/\/lode.lv\/fi\/wp-json\/wp\/v2\/product_tag?post=269872"}],"curies":[{"name":"wp","href":"https:\/\/api.w.org\/{rel}","templated":true}]}}